{"id":994,"date":"2023-10-27T10:56:05","date_gmt":"2023-10-27T15:56:05","guid":{"rendered":"https:\/\/linksiv.com\/revision\/felizimpresion\/?post_type=product&#038;p=994"},"modified":"2025-08-20T17:41:56","modified_gmt":"2025-08-20T22:41:56","slug":"cuchilla-de-garrita","status":"publish","type":"product","link":"https:\/\/linksiv.com\/revision\/felizimpresion\/producto\/cuchilla-de-garrita\/","title":{"rendered":"CUCHILLA DE GARRITA"},"content":{"rendered":"<div class=\"product-prices\">\n<div class=\"tax-shipping-delivery-label\"><strong>IGV Incl.<\/strong><\/div>\n<\/div>\n<div class=\"product-information\">\n<div id=\"product-description-short-382\"><\/div>\n<\/div>\n","protected":false},"excerpt":{"rendered":"<div id=\"product-description-short-382\">\n<ul class=\"a-unordered-list a-vertical a-spacing-mini\">\n<li><span class=\"a-list-item\">[Material]: los cortadores de caja con forma de pata de gato est\u00e1n compuestos de acero al carbono y pl\u00e1stico, afilados, hermosos, ligeros y f\u00e1ciles de llevar.<\/span><\/li>\n<li><span class=\"a-list-item\">Tama\u00f1o: el tama\u00f1o de los cuchillos retr\u00e1ctiles de dibujos animados es de 3.5 x 0.8\u00a0in. Es peque\u00f1o en tama\u00f1o y te hace sentir c\u00f3modo al sostener el cuchillo.<\/span><\/li>\n<li><span class=\"a-list-item\">Duradero: los cuchillos utilitarios de estilo pata de gato tienen una hoja de acero al carbono de alta calidad, que puede lograr un corte duradero y cortar en embalaje de pl\u00e1stico, cajas y cinturones.<\/span><\/li>\n<li><span class=\"a-list-item\">Aplicaci\u00f3n: el cuchillo de utilidad con forma de huella se puede utilizar para cortar sobres, bolsas de pl\u00e1stico, cintas de regalo, papeles tapiz, cajas, papel, cuerdas y otros proyectos de bricolaje, y mejorar\u00e1 enormemente la eficiencia del trabajo.<\/span><\/li>\n<li><span class=\"a-list-item\">Dise\u00f1o: bonito cuchillo cortador tiene una bonita forma de garra de gato, y tiene cuchillas y cierres deslizantes. La longitud de la hoja se puede ajustar de forma independiente para un corte preciso. La hoja se puede retraer y bloquear de forma segura.<\/span><\/li>\n<li><span class=\"a-list-item\">Material: Pl\u00e1stico y acero de carbono<\/span><\/li>\n<li><span class=\"a-list-item\">Colores: Blanco, rosado\u00a0 y negro.<\/span><\/li>\n<\/ul>\n<\/div>\n","protected":false},"featured_media":1408,"comment_status":"open","ping_status":"closed","template":"","meta":{"inline_featured_image":false},"product_brand":[],"product_cat":[31,33],"product_tag":[],"giftcard-category":[],"class_list":{"0":"post-994","1":"product","2":"type-product","3":"status-publish","4":"has-post-thumbnail","6":"product_cat-accesorios-oficina","7":"product_cat-otros","9":"first","10":"instock","11":"taxable","12":"shipping-taxable","13":"purchasable","14":"product-type-variable","15":"has-default-attributes"},"acf":[],"yoast_head":"<!-- This site is optimized with the Yoast SEO plugin v21.5 - https:\/\/yoast.com\/wordpress\/plugins\/seo\/ -->\n<title>CUCHILLA DE GARRITA - Feliz Impresion<\/title>\n<meta name=\"description\" content=\"CUCHILLA DE GARRITA\" \/>\n<meta name=\"robots\" content=\"index, follow, max-snippet:-1, max-image-preview:large, max-video-preview:-1\" \/>\n<link rel=\"canonical\" href=\"https:\/\/linksiv.com\/revision\/felizimpresion\/producto\/cuchilla-de-garrita\/\" \/>\n<meta property=\"og:locale\" content=\"es_ES\" \/>\n<meta property=\"og:type\" content=\"article\" \/>\n<meta property=\"og:title\" content=\"CUCHILLA DE GARRITA - Feliz Impresion\" \/>\n<meta property=\"og:description\" content=\"CUCHILLA DE GARRITA\" \/>\n<meta property=\"og:url\" content=\"https:\/\/linksiv.com\/revision\/felizimpresion\/producto\/cuchilla-de-garrita\/\" \/>\n<meta property=\"og:site_name\" content=\"Feliz Impresion\" \/>\n<meta property=\"article:modified_time\" content=\"2025-08-20T22:41:56+00:00\" \/>\n<meta property=\"og:image\" content=\"https:\/\/linksiv.com\/revision\/felizimpresion\/wp-content\/uploads\/2023\/10\/pata1.png.webp\" \/>\n\t<meta property=\"og:image:width\" content=\"933\" \/>\n\t<meta property=\"og:image:height\" content=\"924\" \/>\n\t<meta property=\"og:image:type\" content=\"image\/webp\" \/>\n<meta name=\"twitter:card\" content=\"summary_large_image\" \/>\n<meta name=\"twitter:label1\" content=\"Tiempo de lectura\" \/>\n\t<meta name=\"twitter:data1\" content=\"1 minuto\" \/>\n<script type=\"application\/ld+json\" class=\"yoast-schema-graph\">{\"@context\":\"https:\/\/schema.org\",\"@graph\":[{\"@type\":\"WebPage\",\"@id\":\"https:\/\/linksiv.com\/revision\/felizimpresion\/producto\/cuchilla-de-garrita\/\",\"url\":\"https:\/\/linksiv.com\/revision\/felizimpresion\/producto\/cuchilla-de-garrita\/\",\"name\":\"CUCHILLA DE GARRITA - Feliz Impresion\",\"isPartOf\":{\"@id\":\"https:\/\/linksiv.com\/revision\/felizimpresion\/#website\"},\"datePublished\":\"2023-10-27T15:56:05+00:00\",\"dateModified\":\"2025-08-20T22:41:56+00:00\",\"description\":\"CUCHILLA DE GARRITA\",\"breadcrumb\":{\"@id\":\"https:\/\/linksiv.com\/revision\/felizimpresion\/producto\/cuchilla-de-garrita\/#breadcrumb\"},\"inLanguage\":\"es\",\"potentialAction\":[{\"@type\":\"ReadAction\",\"target\":[\"https:\/\/linksiv.com\/revision\/felizimpresion\/producto\/cuchilla-de-garrita\/\"]}]},{\"@type\":\"BreadcrumbList\",\"@id\":\"https:\/\/linksiv.com\/revision\/felizimpresion\/producto\/cuchilla-de-garrita\/#breadcrumb\",\"itemListElement\":[{\"@type\":\"ListItem\",\"position\":1,\"name\":\"Home\",\"item\":\"https:\/\/linksiv.com\/revision\/felizimpresion\/\"},{\"@type\":\"ListItem\",\"position\":2,\"name\":\"Tienda\",\"item\":\"https:\/\/linksiv.com\/revision\/felizimpresion\/tienda\/\"},{\"@type\":\"ListItem\",\"position\":3,\"name\":\"CUCHILLA DE GARRITA\"}]},{\"@type\":\"WebSite\",\"@id\":\"https:\/\/linksiv.com\/revision\/felizimpresion\/#website\",\"url\":\"https:\/\/linksiv.com\/revision\/felizimpresion\/\",\"name\":\"Feliz Impresion\",\"description\":\"\",\"publisher\":{\"@id\":\"https:\/\/linksiv.com\/revision\/felizimpresion\/#organization\"},\"potentialAction\":[{\"@type\":\"SearchAction\",\"target\":{\"@type\":\"EntryPoint\",\"urlTemplate\":\"https:\/\/linksiv.com\/revision\/felizimpresion\/?s={search_term_string}\"},\"query-input\":\"required name=search_term_string\"}],\"inLanguage\":\"es\"},{\"@type\":\"Organization\",\"@id\":\"https:\/\/linksiv.com\/revision\/felizimpresion\/#organization\",\"name\":\"Feliz Impresion\",\"url\":\"https:\/\/linksiv.com\/revision\/felizimpresion\/\",\"logo\":{\"@type\":\"ImageObject\",\"inLanguage\":\"es\",\"@id\":\"https:\/\/linksiv.com\/revision\/felizimpresion\/#\/schema\/logo\/image\/\",\"url\":\"https:\/\/linksiv.com\/revision\/felizimpresion\/wp-content\/uploads\/2023\/08\/cropped-cropped-Favicon.png\",\"contentUrl\":\"https:\/\/linksiv.com\/revision\/felizimpresion\/wp-content\/uploads\/2023\/08\/cropped-cropped-Favicon.png\",\"width\":500,\"height\":500,\"caption\":\"Feliz Impresion\"},\"image\":{\"@id\":\"https:\/\/linksiv.com\/revision\/felizimpresion\/#\/schema\/logo\/image\/\"}}]}<\/script>\n<!-- \/ Yoast SEO plugin. -->","yoast_head_json":{"title":"CUCHILLA DE GARRITA - Feliz Impresion","description":"CUCHILLA DE GARRITA","robots":{"index":"index","follow":"follow","max-snippet":"max-snippet:-1","max-image-preview":"max-image-preview:large","max-video-preview":"max-video-preview:-1"},"canonical":"https:\/\/linksiv.com\/revision\/felizimpresion\/producto\/cuchilla-de-garrita\/","og_locale":"es_ES","og_type":"article","og_title":"CUCHILLA DE GARRITA - Feliz Impresion","og_description":"CUCHILLA DE GARRITA","og_url":"https:\/\/linksiv.com\/revision\/felizimpresion\/producto\/cuchilla-de-garrita\/","og_site_name":"Feliz Impresion","article_modified_time":"2025-08-20T22:41:56+00:00","og_image":[{"width":933,"height":924,"url":"https:\/\/linksiv.com\/revision\/felizimpresion\/wp-content\/uploads\/2023\/10\/pata1.png.webp","type":"image\/webp"}],"twitter_card":"summary_large_image","twitter_misc":{"Tiempo de lectura":"1 minuto"},"schema":{"@context":"https:\/\/schema.org","@graph":[{"@type":"WebPage","@id":"https:\/\/linksiv.com\/revision\/felizimpresion\/producto\/cuchilla-de-garrita\/","url":"https:\/\/linksiv.com\/revision\/felizimpresion\/producto\/cuchilla-de-garrita\/","name":"CUCHILLA DE GARRITA - Feliz Impresion","isPartOf":{"@id":"https:\/\/linksiv.com\/revision\/felizimpresion\/#website"},"datePublished":"2023-10-27T15:56:05+00:00","dateModified":"2025-08-20T22:41:56+00:00","description":"CUCHILLA DE GARRITA","breadcrumb":{"@id":"https:\/\/linksiv.com\/revision\/felizimpresion\/producto\/cuchilla-de-garrita\/#breadcrumb"},"inLanguage":"es","potentialAction":[{"@type":"ReadAction","target":["https:\/\/linksiv.com\/revision\/felizimpresion\/producto\/cuchilla-de-garrita\/"]}]},{"@type":"BreadcrumbList","@id":"https:\/\/linksiv.com\/revision\/felizimpresion\/producto\/cuchilla-de-garrita\/#breadcrumb","itemListElement":[{"@type":"ListItem","position":1,"name":"Home","item":"https:\/\/linksiv.com\/revision\/felizimpresion\/"},{"@type":"ListItem","position":2,"name":"Tienda","item":"https:\/\/linksiv.com\/revision\/felizimpresion\/tienda\/"},{"@type":"ListItem","position":3,"name":"CUCHILLA DE GARRITA"}]},{"@type":"WebSite","@id":"https:\/\/linksiv.com\/revision\/felizimpresion\/#website","url":"https:\/\/linksiv.com\/revision\/felizimpresion\/","name":"Feliz Impresion","description":"","publisher":{"@id":"https:\/\/linksiv.com\/revision\/felizimpresion\/#organization"},"potentialAction":[{"@type":"SearchAction","target":{"@type":"EntryPoint","urlTemplate":"https:\/\/linksiv.com\/revision\/felizimpresion\/?s={search_term_string}"},"query-input":"required name=search_term_string"}],"inLanguage":"es"},{"@type":"Organization","@id":"https:\/\/linksiv.com\/revision\/felizimpresion\/#organization","name":"Feliz Impresion","url":"https:\/\/linksiv.com\/revision\/felizimpresion\/","logo":{"@type":"ImageObject","inLanguage":"es","@id":"https:\/\/linksiv.com\/revision\/felizimpresion\/#\/schema\/logo\/image\/","url":"https:\/\/linksiv.com\/revision\/felizimpresion\/wp-content\/uploads\/2023\/08\/cropped-cropped-Favicon.png","contentUrl":"https:\/\/linksiv.com\/revision\/felizimpresion\/wp-content\/uploads\/2023\/08\/cropped-cropped-Favicon.png","width":500,"height":500,"caption":"Feliz Impresion"},"image":{"@id":"https:\/\/linksiv.com\/revision\/felizimpresion\/#\/schema\/logo\/image\/"}}]}},"_links":{"self":[{"href":"https:\/\/linksiv.com\/revision\/felizimpresion\/wp-json\/wp\/v2\/product\/994","targetHints":{"allow":["GET"]}}],"collection":[{"href":"https:\/\/linksiv.com\/revision\/felizimpresion\/wp-json\/wp\/v2\/product"}],"about":[{"href":"https:\/\/linksiv.com\/revision\/felizimpresion\/wp-json\/wp\/v2\/types\/product"}],"replies":[{"embeddable":true,"href":"https:\/\/linksiv.com\/revision\/felizimpresion\/wp-json\/wp\/v2\/comments?post=994"}],"wp:featuredmedia":[{"embeddable":true,"href":"https:\/\/linksiv.com\/revision\/felizimpresion\/wp-json\/wp\/v2\/media\/1408"}],"wp:attachment":[{"href":"https:\/\/linksiv.com\/revision\/felizimpresion\/wp-json\/wp\/v2\/media?parent=994"}],"wp:term":[{"taxonomy":"product_brand","embeddable":true,"href":"https:\/\/linksiv.com\/revision\/felizimpresion\/wp-json\/wp\/v2\/product_brand?post=994"},{"taxonomy":"product_cat","embeddable":true,"href":"https:\/\/linksiv.com\/revision\/felizimpresion\/wp-json\/wp\/v2\/product_cat?post=994"},{"taxonomy":"product_tag","embeddable":true,"href":"https:\/\/linksiv.com\/revision\/felizimpresion\/wp-json\/wp\/v2\/product_tag?post=994"},{"taxonomy":"giftcard-category","embeddable":true,"href":"https:\/\/linksiv.com\/revision\/felizimpresion\/wp-json\/wp\/v2\/giftcard-category?post=994"}],"curies":[{"name":"wp","href":"https:\/\/api.w.org\/{rel}","templated":true}]}}