{"id":3256,"date":"2025-09-19T15:03:14","date_gmt":"2025-09-19T20:03:14","guid":{"rendered":"https:\/\/linksiv.com\/revision\/felizimpresion\/?post_type=product&#038;p=3256"},"modified":"2025-09-19T15:05:00","modified_gmt":"2025-09-19T20:05:00","slug":"bloc-lista-de-compras","status":"publish","type":"product","link":"https:\/\/linksiv.com\/revision\/felizimpresion\/producto\/bloc-lista-de-compras\/","title":{"rendered":"Bloc Lista de Compras"},"content":{"rendered":"<h4><span style=\"color: #008000;\"><strong>IGV Incl.<\/strong><\/span><\/h4>\n<h4>\u00a1Nunca m\u00e1s, al llegar a casa o saliendo del Supermercado dir\u00e1s oh! no! Me olvide de comprar algo y tener que volver; ahora con nuestro bloc lista de la compra no volver\u00e1 a pasar; podr\u00e1s apuntar todo lo que necesitas para tus compras.<\/h4>\n<h4>Ya no gastaras m\u00e1s tiempo del necesario en tus compras, olvidarte \u00edtems o peor a\u00fan, comprar por error algo de m\u00e1s.<\/h4>\n","protected":false},"excerpt":{"rendered":"<p>IGV Incl. \u00a1Nunca m\u00e1s, al llegar a casa o saliendo del Supermercado dir\u00e1s oh! no! Me olvide de comprar algo y tener que volver; ahora con nuestro bloc lista de la compra no volver\u00e1 a pasar; podr\u00e1s apuntar todo lo que necesitas para tus compras. Ya no gastaras m\u00e1s tiempo del necesario en tus compras, [&hellip;]<\/p>\n","protected":false},"featured_media":3258,"comment_status":"open","ping_status":"closed","template":"","meta":{"inline_featured_image":false},"product_brand":[],"product_cat":[22,27],"product_tag":[],"giftcard-category":[],"class_list":{"0":"post-3256","1":"product","2":"type-product","3":"status-publish","4":"has-post-thumbnail","6":"product_cat-papeleria","7":"product_cat-linea-cocina","9":"first","10":"instock","11":"taxable","12":"shipping-taxable","13":"purchasable","14":"product-type-simple"},"acf":[],"yoast_head":"<!-- This site is optimized with the Yoast SEO plugin v21.5 - https:\/\/yoast.com\/wordpress\/plugins\/seo\/ -->\n<title>Bloc Lista de Compras - Feliz Impresion<\/title>\n<meta name=\"robots\" content=\"index, follow, max-snippet:-1, max-image-preview:large, max-video-preview:-1\" \/>\n<link rel=\"canonical\" href=\"https:\/\/linksiv.com\/revision\/felizimpresion\/producto\/bloc-lista-de-compras\/\" \/>\n<meta property=\"og:locale\" content=\"es_ES\" \/>\n<meta property=\"og:type\" content=\"article\" \/>\n<meta property=\"og:title\" content=\"Bloc Lista de Compras - Feliz Impresion\" \/>\n<meta property=\"og:description\" content=\"IGV Incl. \u00a1Nunca m\u00e1s, al llegar a casa o saliendo del Supermercado dir\u00e1s oh! no! Me olvide de comprar algo y tener que volver; ahora con nuestro bloc lista de la compra no volver\u00e1 a pasar; podr\u00e1s apuntar todo lo que necesitas para tus compras. Ya no gastaras m\u00e1s tiempo del necesario en tus compras, [&hellip;]\" \/>\n<meta property=\"og:url\" content=\"https:\/\/linksiv.com\/revision\/felizimpresion\/producto\/bloc-lista-de-compras\/\" \/>\n<meta property=\"og:site_name\" content=\"Feliz Impresion\" \/>\n<meta property=\"article:modified_time\" content=\"2025-09-19T20:05:00+00:00\" \/>\n<meta property=\"og:image\" content=\"https:\/\/linksiv.com\/revision\/felizimpresion\/wp-content\/uploads\/2025\/09\/TOMA2.jpg\" \/>\n\t<meta property=\"og:image:width\" content=\"800\" \/>\n\t<meta property=\"og:image:height\" content=\"800\" \/>\n\t<meta property=\"og:image:type\" content=\"image\/jpeg\" \/>\n<meta name=\"twitter:card\" content=\"summary_large_image\" \/>\n<meta name=\"twitter:label1\" content=\"Tiempo de lectura\" \/>\n\t<meta name=\"twitter:data1\" content=\"1 minuto\" \/>\n<script type=\"application\/ld+json\" class=\"yoast-schema-graph\">{\"@context\":\"https:\/\/schema.org\",\"@graph\":[{\"@type\":\"WebPage\",\"@id\":\"https:\/\/linksiv.com\/revision\/felizimpresion\/producto\/bloc-lista-de-compras\/\",\"url\":\"https:\/\/linksiv.com\/revision\/felizimpresion\/producto\/bloc-lista-de-compras\/\",\"name\":\"Bloc Lista de Compras - Feliz Impresion\",\"isPartOf\":{\"@id\":\"https:\/\/linksiv.com\/revision\/felizimpresion\/#website\"},\"datePublished\":\"2025-09-19T20:03:14+00:00\",\"dateModified\":\"2025-09-19T20:05:00+00:00\",\"breadcrumb\":{\"@id\":\"https:\/\/linksiv.com\/revision\/felizimpresion\/producto\/bloc-lista-de-compras\/#breadcrumb\"},\"inLanguage\":\"es\",\"potentialAction\":[{\"@type\":\"ReadAction\",\"target\":[\"https:\/\/linksiv.com\/revision\/felizimpresion\/producto\/bloc-lista-de-compras\/\"]}]},{\"@type\":\"BreadcrumbList\",\"@id\":\"https:\/\/linksiv.com\/revision\/felizimpresion\/producto\/bloc-lista-de-compras\/#breadcrumb\",\"itemListElement\":[{\"@type\":\"ListItem\",\"position\":1,\"name\":\"Home\",\"item\":\"https:\/\/linksiv.com\/revision\/felizimpresion\/\"},{\"@type\":\"ListItem\",\"position\":2,\"name\":\"Tienda\",\"item\":\"https:\/\/linksiv.com\/revision\/felizimpresion\/tienda\/\"},{\"@type\":\"ListItem\",\"position\":3,\"name\":\"Bloc Lista de Compras\"}]},{\"@type\":\"WebSite\",\"@id\":\"https:\/\/linksiv.com\/revision\/felizimpresion\/#website\",\"url\":\"https:\/\/linksiv.com\/revision\/felizimpresion\/\",\"name\":\"Feliz Impresion\",\"description\":\"\",\"publisher\":{\"@id\":\"https:\/\/linksiv.com\/revision\/felizimpresion\/#organization\"},\"potentialAction\":[{\"@type\":\"SearchAction\",\"target\":{\"@type\":\"EntryPoint\",\"urlTemplate\":\"https:\/\/linksiv.com\/revision\/felizimpresion\/?s={search_term_string}\"},\"query-input\":\"required name=search_term_string\"}],\"inLanguage\":\"es\"},{\"@type\":\"Organization\",\"@id\":\"https:\/\/linksiv.com\/revision\/felizimpresion\/#organization\",\"name\":\"Feliz Impresion\",\"url\":\"https:\/\/linksiv.com\/revision\/felizimpresion\/\",\"logo\":{\"@type\":\"ImageObject\",\"inLanguage\":\"es\",\"@id\":\"https:\/\/linksiv.com\/revision\/felizimpresion\/#\/schema\/logo\/image\/\",\"url\":\"https:\/\/linksiv.com\/revision\/felizimpresion\/wp-content\/uploads\/2023\/08\/cropped-cropped-Favicon.png\",\"contentUrl\":\"https:\/\/linksiv.com\/revision\/felizimpresion\/wp-content\/uploads\/2023\/08\/cropped-cropped-Favicon.png\",\"width\":500,\"height\":500,\"caption\":\"Feliz Impresion\"},\"image\":{\"@id\":\"https:\/\/linksiv.com\/revision\/felizimpresion\/#\/schema\/logo\/image\/\"}}]}<\/script>\n<!-- \/ Yoast SEO plugin. -->","yoast_head_json":{"title":"Bloc Lista de Compras - Feliz Impresion","robots":{"index":"index","follow":"follow","max-snippet":"max-snippet:-1","max-image-preview":"max-image-preview:large","max-video-preview":"max-video-preview:-1"},"canonical":"https:\/\/linksiv.com\/revision\/felizimpresion\/producto\/bloc-lista-de-compras\/","og_locale":"es_ES","og_type":"article","og_title":"Bloc Lista de Compras - Feliz Impresion","og_description":"IGV Incl. \u00a1Nunca m\u00e1s, al llegar a casa o saliendo del Supermercado dir\u00e1s oh! no! Me olvide de comprar algo y tener que volver; ahora con nuestro bloc lista de la compra no volver\u00e1 a pasar; podr\u00e1s apuntar todo lo que necesitas para tus compras. Ya no gastaras m\u00e1s tiempo del necesario en tus compras, [&hellip;]","og_url":"https:\/\/linksiv.com\/revision\/felizimpresion\/producto\/bloc-lista-de-compras\/","og_site_name":"Feliz Impresion","article_modified_time":"2025-09-19T20:05:00+00:00","og_image":[{"width":800,"height":800,"url":"https:\/\/linksiv.com\/revision\/felizimpresion\/wp-content\/uploads\/2025\/09\/TOMA2.jpg","type":"image\/jpeg"}],"twitter_card":"summary_large_image","twitter_misc":{"Tiempo de lectura":"1 minuto"},"schema":{"@context":"https:\/\/schema.org","@graph":[{"@type":"WebPage","@id":"https:\/\/linksiv.com\/revision\/felizimpresion\/producto\/bloc-lista-de-compras\/","url":"https:\/\/linksiv.com\/revision\/felizimpresion\/producto\/bloc-lista-de-compras\/","name":"Bloc Lista de Compras - Feliz Impresion","isPartOf":{"@id":"https:\/\/linksiv.com\/revision\/felizimpresion\/#website"},"datePublished":"2025-09-19T20:03:14+00:00","dateModified":"2025-09-19T20:05:00+00:00","breadcrumb":{"@id":"https:\/\/linksiv.com\/revision\/felizimpresion\/producto\/bloc-lista-de-compras\/#breadcrumb"},"inLanguage":"es","potentialAction":[{"@type":"ReadAction","target":["https:\/\/linksiv.com\/revision\/felizimpresion\/producto\/bloc-lista-de-compras\/"]}]},{"@type":"BreadcrumbList","@id":"https:\/\/linksiv.com\/revision\/felizimpresion\/producto\/bloc-lista-de-compras\/#breadcrumb","itemListElement":[{"@type":"ListItem","position":1,"name":"Home","item":"https:\/\/linksiv.com\/revision\/felizimpresion\/"},{"@type":"ListItem","position":2,"name":"Tienda","item":"https:\/\/linksiv.com\/revision\/felizimpresion\/tienda\/"},{"@type":"ListItem","position":3,"name":"Bloc Lista de Compras"}]},{"@type":"WebSite","@id":"https:\/\/linksiv.com\/revision\/felizimpresion\/#website","url":"https:\/\/linksiv.com\/revision\/felizimpresion\/","name":"Feliz Impresion","description":"","publisher":{"@id":"https:\/\/linksiv.com\/revision\/felizimpresion\/#organization"},"potentialAction":[{"@type":"SearchAction","target":{"@type":"EntryPoint","urlTemplate":"https:\/\/linksiv.com\/revision\/felizimpresion\/?s={search_term_string}"},"query-input":"required name=search_term_string"}],"inLanguage":"es"},{"@type":"Organization","@id":"https:\/\/linksiv.com\/revision\/felizimpresion\/#organization","name":"Feliz Impresion","url":"https:\/\/linksiv.com\/revision\/felizimpresion\/","logo":{"@type":"ImageObject","inLanguage":"es","@id":"https:\/\/linksiv.com\/revision\/felizimpresion\/#\/schema\/logo\/image\/","url":"https:\/\/linksiv.com\/revision\/felizimpresion\/wp-content\/uploads\/2023\/08\/cropped-cropped-Favicon.png","contentUrl":"https:\/\/linksiv.com\/revision\/felizimpresion\/wp-content\/uploads\/2023\/08\/cropped-cropped-Favicon.png","width":500,"height":500,"caption":"Feliz Impresion"},"image":{"@id":"https:\/\/linksiv.com\/revision\/felizimpresion\/#\/schema\/logo\/image\/"}}]}},"_links":{"self":[{"href":"https:\/\/linksiv.com\/revision\/felizimpresion\/wp-json\/wp\/v2\/product\/3256","targetHints":{"allow":["GET"]}}],"collection":[{"href":"https:\/\/linksiv.com\/revision\/felizimpresion\/wp-json\/wp\/v2\/product"}],"about":[{"href":"https:\/\/linksiv.com\/revision\/felizimpresion\/wp-json\/wp\/v2\/types\/product"}],"replies":[{"embeddable":true,"href":"https:\/\/linksiv.com\/revision\/felizimpresion\/wp-json\/wp\/v2\/comments?post=3256"}],"wp:featuredmedia":[{"embeddable":true,"href":"https:\/\/linksiv.com\/revision\/felizimpresion\/wp-json\/wp\/v2\/media\/3258"}],"wp:attachment":[{"href":"https:\/\/linksiv.com\/revision\/felizimpresion\/wp-json\/wp\/v2\/media?parent=3256"}],"wp:term":[{"taxonomy":"product_brand","embeddable":true,"href":"https:\/\/linksiv.com\/revision\/felizimpresion\/wp-json\/wp\/v2\/product_brand?post=3256"},{"taxonomy":"product_cat","embeddable":true,"href":"https:\/\/linksiv.com\/revision\/felizimpresion\/wp-json\/wp\/v2\/product_cat?post=3256"},{"taxonomy":"product_tag","embeddable":true,"href":"https:\/\/linksiv.com\/revision\/felizimpresion\/wp-json\/wp\/v2\/product_tag?post=3256"},{"taxonomy":"giftcard-category","embeddable":true,"href":"https:\/\/linksiv.com\/revision\/felizimpresion\/wp-json\/wp\/v2\/giftcard-category?post=3256"}],"curies":[{"name":"wp","href":"https:\/\/api.w.org\/{rel}","templated":true}]}}