{"id":2890,"date":"2025-07-15T17:27:25","date_gmt":"2025-07-15T22:27:25","guid":{"rendered":"https:\/\/linksiv.com\/revision\/felizimpresion\/?post_type=product&#038;p=2890"},"modified":"2025-08-29T15:11:56","modified_gmt":"2025-08-29T20:11:56","slug":"pack-full","status":"publish","type":"product","link":"https:\/\/linksiv.com\/revision\/felizimpresion\/producto\/pack-full\/","title":{"rendered":"PACK FULL"},"content":{"rendered":"<div class=\"product-prices\">\n<p style=\"text-align: left;\">IGV Incl.<\/p>\n<\/div>\n<div class=\"product-information\">\n<div id=\"product-description-short-706\">\n<h4 style=\"text-align: left;\">EL pack incluye:<\/h4>\n<h4 style=\"text-align: left;\"><span style=\"color: #ff99cc;\">Pack Stickers :<\/span><\/h4>\n<ul>\n<li style=\"text-align: left;\">Pack de 4 hojitas de stickers, una dorada y 3 de full color.<\/li>\n<\/ul>\n<h4 style=\"text-align: left;\"><span style=\"color: #ff99cc;\">1 Lapicero Prisma :<\/span><\/h4>\n<ul>\n<li><span class=\"a-list-item\">Material: Met\u00e1lico aleaci\u00f3n y acero de carbono.<\/span><\/li>\n<li><span class=\"a-list-item\">Colores: Lila, color ma\u00edz (elegir Color)<\/span><\/li>\n<\/ul>\n<h4 style=\"text-align: left;\"><span style=\"color: #ff99cc;\">5 Whasitape celeste:<\/span><\/h4>\n<h4 style=\"text-align: left;\"><span style=\"color: #ff99cc;\">12 clips met\u00e1licos\u00a0<\/span><\/h4>\n<p>&nbsp;<\/p>\n<\/div>\n<\/div>\n","protected":false},"excerpt":{"rendered":"<p>IGV Incl. EL pack incluye: Pack Stickers : Pack de 4 hojitas de stickers, una dorada y 3 de full color. 1 Lapicero Prisma : Material: Met\u00e1lico aleaci\u00f3n y acero de carbono. Colores: Lila, color ma\u00edz (elegir Color) 5 Whasitape celeste: 12 clips met\u00e1licos\u00a0 &nbsp;<\/p>\n","protected":false},"featured_media":2891,"comment_status":"open","ping_status":"closed","template":"","meta":{"inline_featured_image":false},"product_brand":[],"product_cat":[38,76],"product_tag":[],"giftcard-category":[],"class_list":{"0":"post-2890","1":"product","2":"type-product","3":"status-publish","4":"has-post-thumbnail","6":"product_cat-packs","7":"product_cat-otros-packs","9":"first","10":"instock","11":"taxable","12":"shipping-taxable","13":"purchasable","14":"product-type-variable"},"acf":[],"yoast_head":"<!-- This site is optimized with the Yoast SEO plugin v21.5 - https:\/\/yoast.com\/wordpress\/plugins\/seo\/ -->\n<title>PACK FULL - Feliz Impresion<\/title>\n<meta name=\"robots\" content=\"index, follow, max-snippet:-1, max-image-preview:large, max-video-preview:-1\" \/>\n<link rel=\"canonical\" href=\"https:\/\/linksiv.com\/revision\/felizimpresion\/producto\/pack-full\/\" \/>\n<meta property=\"og:locale\" content=\"es_ES\" \/>\n<meta property=\"og:type\" content=\"article\" \/>\n<meta property=\"og:title\" content=\"PACK FULL - Feliz Impresion\" \/>\n<meta property=\"og:description\" content=\"IGV Incl. EL pack incluye: Pack Stickers : Pack de 4 hojitas de stickers, una dorada y 3 de full color. 1 Lapicero Prisma : Material: Met\u00e1lico aleaci\u00f3n y acero de carbono. Colores: Lila, color ma\u00edz (elegir Color) 5 Whasitape celeste: 12 clips met\u00e1licos\u00a0 &nbsp;\" \/>\n<meta property=\"og:url\" content=\"https:\/\/linksiv.com\/revision\/felizimpresion\/producto\/pack-full\/\" \/>\n<meta property=\"og:site_name\" content=\"Feliz Impresion\" \/>\n<meta property=\"article:modified_time\" content=\"2025-08-29T20:11:56+00:00\" \/>\n<meta property=\"og:image\" content=\"https:\/\/linksiv.com\/revision\/felizimpresion\/wp-content\/uploads\/2025\/07\/PACK-FULL.jpg\" \/>\n\t<meta property=\"og:image:width\" content=\"800\" \/>\n\t<meta property=\"og:image:height\" content=\"800\" \/>\n\t<meta property=\"og:image:type\" content=\"image\/jpeg\" \/>\n<meta name=\"twitter:card\" content=\"summary_large_image\" \/>\n<meta name=\"twitter:label1\" content=\"Tiempo de lectura\" \/>\n\t<meta name=\"twitter:data1\" content=\"1 minuto\" \/>\n<script type=\"application\/ld+json\" class=\"yoast-schema-graph\">{\"@context\":\"https:\/\/schema.org\",\"@graph\":[{\"@type\":\"WebPage\",\"@id\":\"https:\/\/linksiv.com\/revision\/felizimpresion\/producto\/pack-full\/\",\"url\":\"https:\/\/linksiv.com\/revision\/felizimpresion\/producto\/pack-full\/\",\"name\":\"PACK FULL - Feliz Impresion\",\"isPartOf\":{\"@id\":\"https:\/\/linksiv.com\/revision\/felizimpresion\/#website\"},\"datePublished\":\"2025-07-15T22:27:25+00:00\",\"dateModified\":\"2025-08-29T20:11:56+00:00\",\"breadcrumb\":{\"@id\":\"https:\/\/linksiv.com\/revision\/felizimpresion\/producto\/pack-full\/#breadcrumb\"},\"inLanguage\":\"es\",\"potentialAction\":[{\"@type\":\"ReadAction\",\"target\":[\"https:\/\/linksiv.com\/revision\/felizimpresion\/producto\/pack-full\/\"]}]},{\"@type\":\"BreadcrumbList\",\"@id\":\"https:\/\/linksiv.com\/revision\/felizimpresion\/producto\/pack-full\/#breadcrumb\",\"itemListElement\":[{\"@type\":\"ListItem\",\"position\":1,\"name\":\"Home\",\"item\":\"https:\/\/linksiv.com\/revision\/felizimpresion\/\"},{\"@type\":\"ListItem\",\"position\":2,\"name\":\"Tienda\",\"item\":\"https:\/\/linksiv.com\/revision\/felizimpresion\/tienda\/\"},{\"@type\":\"ListItem\",\"position\":3,\"name\":\"PACK FULL\"}]},{\"@type\":\"WebSite\",\"@id\":\"https:\/\/linksiv.com\/revision\/felizimpresion\/#website\",\"url\":\"https:\/\/linksiv.com\/revision\/felizimpresion\/\",\"name\":\"Feliz Impresion\",\"description\":\"\",\"publisher\":{\"@id\":\"https:\/\/linksiv.com\/revision\/felizimpresion\/#organization\"},\"potentialAction\":[{\"@type\":\"SearchAction\",\"target\":{\"@type\":\"EntryPoint\",\"urlTemplate\":\"https:\/\/linksiv.com\/revision\/felizimpresion\/?s={search_term_string}\"},\"query-input\":\"required name=search_term_string\"}],\"inLanguage\":\"es\"},{\"@type\":\"Organization\",\"@id\":\"https:\/\/linksiv.com\/revision\/felizimpresion\/#organization\",\"name\":\"Feliz Impresion\",\"url\":\"https:\/\/linksiv.com\/revision\/felizimpresion\/\",\"logo\":{\"@type\":\"ImageObject\",\"inLanguage\":\"es\",\"@id\":\"https:\/\/linksiv.com\/revision\/felizimpresion\/#\/schema\/logo\/image\/\",\"url\":\"https:\/\/linksiv.com\/revision\/felizimpresion\/wp-content\/uploads\/2023\/08\/cropped-cropped-Favicon.png\",\"contentUrl\":\"https:\/\/linksiv.com\/revision\/felizimpresion\/wp-content\/uploads\/2023\/08\/cropped-cropped-Favicon.png\",\"width\":500,\"height\":500,\"caption\":\"Feliz Impresion\"},\"image\":{\"@id\":\"https:\/\/linksiv.com\/revision\/felizimpresion\/#\/schema\/logo\/image\/\"}}]}<\/script>\n<!-- \/ Yoast SEO plugin. -->","yoast_head_json":{"title":"PACK FULL - Feliz Impresion","robots":{"index":"index","follow":"follow","max-snippet":"max-snippet:-1","max-image-preview":"max-image-preview:large","max-video-preview":"max-video-preview:-1"},"canonical":"https:\/\/linksiv.com\/revision\/felizimpresion\/producto\/pack-full\/","og_locale":"es_ES","og_type":"article","og_title":"PACK FULL - Feliz Impresion","og_description":"IGV Incl. EL pack incluye: Pack Stickers : Pack de 4 hojitas de stickers, una dorada y 3 de full color. 1 Lapicero Prisma : Material: Met\u00e1lico aleaci\u00f3n y acero de carbono. Colores: Lila, color ma\u00edz (elegir Color) 5 Whasitape celeste: 12 clips met\u00e1licos\u00a0 &nbsp;","og_url":"https:\/\/linksiv.com\/revision\/felizimpresion\/producto\/pack-full\/","og_site_name":"Feliz Impresion","article_modified_time":"2025-08-29T20:11:56+00:00","og_image":[{"width":800,"height":800,"url":"https:\/\/linksiv.com\/revision\/felizimpresion\/wp-content\/uploads\/2025\/07\/PACK-FULL.jpg","type":"image\/jpeg"}],"twitter_card":"summary_large_image","twitter_misc":{"Tiempo de lectura":"1 minuto"},"schema":{"@context":"https:\/\/schema.org","@graph":[{"@type":"WebPage","@id":"https:\/\/linksiv.com\/revision\/felizimpresion\/producto\/pack-full\/","url":"https:\/\/linksiv.com\/revision\/felizimpresion\/producto\/pack-full\/","name":"PACK FULL - Feliz Impresion","isPartOf":{"@id":"https:\/\/linksiv.com\/revision\/felizimpresion\/#website"},"datePublished":"2025-07-15T22:27:25+00:00","dateModified":"2025-08-29T20:11:56+00:00","breadcrumb":{"@id":"https:\/\/linksiv.com\/revision\/felizimpresion\/producto\/pack-full\/#breadcrumb"},"inLanguage":"es","potentialAction":[{"@type":"ReadAction","target":["https:\/\/linksiv.com\/revision\/felizimpresion\/producto\/pack-full\/"]}]},{"@type":"BreadcrumbList","@id":"https:\/\/linksiv.com\/revision\/felizimpresion\/producto\/pack-full\/#breadcrumb","itemListElement":[{"@type":"ListItem","position":1,"name":"Home","item":"https:\/\/linksiv.com\/revision\/felizimpresion\/"},{"@type":"ListItem","position":2,"name":"Tienda","item":"https:\/\/linksiv.com\/revision\/felizimpresion\/tienda\/"},{"@type":"ListItem","position":3,"name":"PACK FULL"}]},{"@type":"WebSite","@id":"https:\/\/linksiv.com\/revision\/felizimpresion\/#website","url":"https:\/\/linksiv.com\/revision\/felizimpresion\/","name":"Feliz Impresion","description":"","publisher":{"@id":"https:\/\/linksiv.com\/revision\/felizimpresion\/#organization"},"potentialAction":[{"@type":"SearchAction","target":{"@type":"EntryPoint","urlTemplate":"https:\/\/linksiv.com\/revision\/felizimpresion\/?s={search_term_string}"},"query-input":"required name=search_term_string"}],"inLanguage":"es"},{"@type":"Organization","@id":"https:\/\/linksiv.com\/revision\/felizimpresion\/#organization","name":"Feliz Impresion","url":"https:\/\/linksiv.com\/revision\/felizimpresion\/","logo":{"@type":"ImageObject","inLanguage":"es","@id":"https:\/\/linksiv.com\/revision\/felizimpresion\/#\/schema\/logo\/image\/","url":"https:\/\/linksiv.com\/revision\/felizimpresion\/wp-content\/uploads\/2023\/08\/cropped-cropped-Favicon.png","contentUrl":"https:\/\/linksiv.com\/revision\/felizimpresion\/wp-content\/uploads\/2023\/08\/cropped-cropped-Favicon.png","width":500,"height":500,"caption":"Feliz Impresion"},"image":{"@id":"https:\/\/linksiv.com\/revision\/felizimpresion\/#\/schema\/logo\/image\/"}}]}},"_links":{"self":[{"href":"https:\/\/linksiv.com\/revision\/felizimpresion\/wp-json\/wp\/v2\/product\/2890","targetHints":{"allow":["GET"]}}],"collection":[{"href":"https:\/\/linksiv.com\/revision\/felizimpresion\/wp-json\/wp\/v2\/product"}],"about":[{"href":"https:\/\/linksiv.com\/revision\/felizimpresion\/wp-json\/wp\/v2\/types\/product"}],"replies":[{"embeddable":true,"href":"https:\/\/linksiv.com\/revision\/felizimpresion\/wp-json\/wp\/v2\/comments?post=2890"}],"wp:featuredmedia":[{"embeddable":true,"href":"https:\/\/linksiv.com\/revision\/felizimpresion\/wp-json\/wp\/v2\/media\/2891"}],"wp:attachment":[{"href":"https:\/\/linksiv.com\/revision\/felizimpresion\/wp-json\/wp\/v2\/media?parent=2890"}],"wp:term":[{"taxonomy":"product_brand","embeddable":true,"href":"https:\/\/linksiv.com\/revision\/felizimpresion\/wp-json\/wp\/v2\/product_brand?post=2890"},{"taxonomy":"product_cat","embeddable":true,"href":"https:\/\/linksiv.com\/revision\/felizimpresion\/wp-json\/wp\/v2\/product_cat?post=2890"},{"taxonomy":"product_tag","embeddable":true,"href":"https:\/\/linksiv.com\/revision\/felizimpresion\/wp-json\/wp\/v2\/product_tag?post=2890"},{"taxonomy":"giftcard-category","embeddable":true,"href":"https:\/\/linksiv.com\/revision\/felizimpresion\/wp-json\/wp\/v2\/giftcard-category?post=2890"}],"curies":[{"name":"wp","href":"https:\/\/api.w.org\/{rel}","templated":true}]}}