{"id":2883,"date":"2025-07-15T17:15:19","date_gmt":"2025-07-15T22:15:19","guid":{"rendered":"https:\/\/linksiv.com\/revision\/felizimpresion\/?post_type=product&#038;p=2883"},"modified":"2025-08-29T15:01:17","modified_gmt":"2025-08-29T20:01:17","slug":"libreta-de-notas-a6-mama","status":"publish","type":"product","link":"https:\/\/linksiv.com\/revision\/felizimpresion\/producto\/libreta-de-notas-a6-mama\/","title":{"rendered":"LIBRETA DE NOTAS A6 MAM\u00c1"},"content":{"rendered":"<div class=\"product-prices\">\n<div class=\"tax-shipping-delivery-label\">IGV Incl.<\/div>\n<\/div>\n<div class=\"product-information\">\n<div id=\"product-description-short-757\">\n<p>Nuestra mamita siempre tiene mil cosas en la cabeza por hacer, en nuestra libretita podr\u00e1 anotar todos tus pendientes para que no se le pase ninguno y la ayudar\u00e1 a organizarse.<\/p>\n<p>&nbsp;<\/p>\n<ul>\n<li>Tama\u00f1o 17.5&#215;11.5 cm<\/li>\n<li>Tapa Dura con plastificado mate<\/li>\n<li>Acabados dorados\u00a0 y esquineros dorados<\/li>\n<li>Personalizado en el nombre<\/li>\n<li>Hojas rayado o de puntos (Elegir)<\/li>\n<li>80 hojas de 90 gr<\/li>\n<li>Reglita porta anillos<\/li>\n<li>Separador magn\u00e9tico<\/li>\n<li>Tarjetita d\u00eda de la madre para dedicar<\/li>\n<\/ul>\n<\/div>\n<\/div>\n","protected":false},"excerpt":{"rendered":"<p>IGV Incl. Nuestra mamita siempre tiene mil cosas en la cabeza por hacer, en nuestra libretita podr\u00e1 anotar todos tus pendientes para que no se le pase ninguno y la ayudar\u00e1 a organizarse. &nbsp; Tama\u00f1o 17.5&#215;11.5 cm Tapa Dura con plastificado mate Acabados dorados\u00a0 y esquineros dorados Personalizado en el nombre Hojas rayado o de [&hellip;]<\/p>\n","protected":false},"featured_media":2884,"comment_status":"open","ping_status":"closed","template":"","meta":{"inline_featured_image":false},"product_brand":[],"product_cat":[68,77],"product_tag":[],"giftcard-category":[],"class_list":{"0":"post-2883","1":"product","2":"type-product","3":"status-publish","4":"has-post-thumbnail","6":"product_cat-regalos","7":"product_cat-para-mama","9":"first","10":"instock","11":"taxable","12":"shipping-taxable","13":"purchasable","14":"product-type-variable"},"acf":[],"yoast_head":"<!-- This site is optimized with the Yoast SEO plugin v21.5 - https:\/\/yoast.com\/wordpress\/plugins\/seo\/ -->\n<title>LIBRETA DE NOTAS A6 MAM\u00c1 - Feliz Impresion<\/title>\n<meta name=\"robots\" content=\"index, follow, max-snippet:-1, max-image-preview:large, max-video-preview:-1\" \/>\n<link rel=\"canonical\" href=\"https:\/\/linksiv.com\/revision\/felizimpresion\/producto\/libreta-de-notas-a6-mama\/\" \/>\n<meta property=\"og:locale\" content=\"es_ES\" \/>\n<meta property=\"og:type\" content=\"article\" \/>\n<meta property=\"og:title\" content=\"LIBRETA DE NOTAS A6 MAM\u00c1 - Feliz Impresion\" \/>\n<meta property=\"og:description\" content=\"IGV Incl. Nuestra mamita siempre tiene mil cosas en la cabeza por hacer, en nuestra libretita podr\u00e1 anotar todos tus pendientes para que no se le pase ninguno y la ayudar\u00e1 a organizarse. &nbsp; Tama\u00f1o 17.5&#215;11.5 cm Tapa Dura con plastificado mate Acabados dorados\u00a0 y esquineros dorados Personalizado en el nombre Hojas rayado o de [&hellip;]\" \/>\n<meta property=\"og:url\" content=\"https:\/\/linksiv.com\/revision\/felizimpresion\/producto\/libreta-de-notas-a6-mama\/\" \/>\n<meta property=\"og:site_name\" content=\"Feliz Impresion\" \/>\n<meta property=\"article:modified_time\" content=\"2025-08-29T20:01:17+00:00\" \/>\n<meta property=\"og:image\" content=\"https:\/\/linksiv.com\/revision\/felizimpresion\/wp-content\/uploads\/2025\/07\/cuaderno-personalizado-4.jpg\" \/>\n\t<meta property=\"og:image:width\" content=\"800\" \/>\n\t<meta property=\"og:image:height\" content=\"800\" \/>\n\t<meta property=\"og:image:type\" content=\"image\/jpeg\" \/>\n<meta name=\"twitter:card\" content=\"summary_large_image\" \/>\n<meta name=\"twitter:label1\" content=\"Tiempo de lectura\" \/>\n\t<meta name=\"twitter:data1\" content=\"1 minuto\" \/>\n<script type=\"application\/ld+json\" class=\"yoast-schema-graph\">{\"@context\":\"https:\/\/schema.org\",\"@graph\":[{\"@type\":\"WebPage\",\"@id\":\"https:\/\/linksiv.com\/revision\/felizimpresion\/producto\/libreta-de-notas-a6-mama\/\",\"url\":\"https:\/\/linksiv.com\/revision\/felizimpresion\/producto\/libreta-de-notas-a6-mama\/\",\"name\":\"LIBRETA DE NOTAS A6 MAM\u00c1 - Feliz Impresion\",\"isPartOf\":{\"@id\":\"https:\/\/linksiv.com\/revision\/felizimpresion\/#website\"},\"datePublished\":\"2025-07-15T22:15:19+00:00\",\"dateModified\":\"2025-08-29T20:01:17+00:00\",\"breadcrumb\":{\"@id\":\"https:\/\/linksiv.com\/revision\/felizimpresion\/producto\/libreta-de-notas-a6-mama\/#breadcrumb\"},\"inLanguage\":\"es\",\"potentialAction\":[{\"@type\":\"ReadAction\",\"target\":[\"https:\/\/linksiv.com\/revision\/felizimpresion\/producto\/libreta-de-notas-a6-mama\/\"]}]},{\"@type\":\"BreadcrumbList\",\"@id\":\"https:\/\/linksiv.com\/revision\/felizimpresion\/producto\/libreta-de-notas-a6-mama\/#breadcrumb\",\"itemListElement\":[{\"@type\":\"ListItem\",\"position\":1,\"name\":\"Home\",\"item\":\"https:\/\/linksiv.com\/revision\/felizimpresion\/\"},{\"@type\":\"ListItem\",\"position\":2,\"name\":\"Tienda\",\"item\":\"https:\/\/linksiv.com\/revision\/felizimpresion\/tienda\/\"},{\"@type\":\"ListItem\",\"position\":3,\"name\":\"LIBRETA DE NOTAS A6 MAM\u00c1\"}]},{\"@type\":\"WebSite\",\"@id\":\"https:\/\/linksiv.com\/revision\/felizimpresion\/#website\",\"url\":\"https:\/\/linksiv.com\/revision\/felizimpresion\/\",\"name\":\"Feliz Impresion\",\"description\":\"\",\"publisher\":{\"@id\":\"https:\/\/linksiv.com\/revision\/felizimpresion\/#organization\"},\"potentialAction\":[{\"@type\":\"SearchAction\",\"target\":{\"@type\":\"EntryPoint\",\"urlTemplate\":\"https:\/\/linksiv.com\/revision\/felizimpresion\/?s={search_term_string}\"},\"query-input\":\"required name=search_term_string\"}],\"inLanguage\":\"es\"},{\"@type\":\"Organization\",\"@id\":\"https:\/\/linksiv.com\/revision\/felizimpresion\/#organization\",\"name\":\"Feliz Impresion\",\"url\":\"https:\/\/linksiv.com\/revision\/felizimpresion\/\",\"logo\":{\"@type\":\"ImageObject\",\"inLanguage\":\"es\",\"@id\":\"https:\/\/linksiv.com\/revision\/felizimpresion\/#\/schema\/logo\/image\/\",\"url\":\"https:\/\/linksiv.com\/revision\/felizimpresion\/wp-content\/uploads\/2023\/08\/cropped-cropped-Favicon.png\",\"contentUrl\":\"https:\/\/linksiv.com\/revision\/felizimpresion\/wp-content\/uploads\/2023\/08\/cropped-cropped-Favicon.png\",\"width\":500,\"height\":500,\"caption\":\"Feliz Impresion\"},\"image\":{\"@id\":\"https:\/\/linksiv.com\/revision\/felizimpresion\/#\/schema\/logo\/image\/\"}}]}<\/script>\n<!-- \/ Yoast SEO plugin. -->","yoast_head_json":{"title":"LIBRETA DE NOTAS A6 MAM\u00c1 - Feliz Impresion","robots":{"index":"index","follow":"follow","max-snippet":"max-snippet:-1","max-image-preview":"max-image-preview:large","max-video-preview":"max-video-preview:-1"},"canonical":"https:\/\/linksiv.com\/revision\/felizimpresion\/producto\/libreta-de-notas-a6-mama\/","og_locale":"es_ES","og_type":"article","og_title":"LIBRETA DE NOTAS A6 MAM\u00c1 - Feliz Impresion","og_description":"IGV Incl. Nuestra mamita siempre tiene mil cosas en la cabeza por hacer, en nuestra libretita podr\u00e1 anotar todos tus pendientes para que no se le pase ninguno y la ayudar\u00e1 a organizarse. &nbsp; Tama\u00f1o 17.5&#215;11.5 cm Tapa Dura con plastificado mate Acabados dorados\u00a0 y esquineros dorados Personalizado en el nombre Hojas rayado o de [&hellip;]","og_url":"https:\/\/linksiv.com\/revision\/felizimpresion\/producto\/libreta-de-notas-a6-mama\/","og_site_name":"Feliz Impresion","article_modified_time":"2025-08-29T20:01:17+00:00","og_image":[{"width":800,"height":800,"url":"https:\/\/linksiv.com\/revision\/felizimpresion\/wp-content\/uploads\/2025\/07\/cuaderno-personalizado-4.jpg","type":"image\/jpeg"}],"twitter_card":"summary_large_image","twitter_misc":{"Tiempo de lectura":"1 minuto"},"schema":{"@context":"https:\/\/schema.org","@graph":[{"@type":"WebPage","@id":"https:\/\/linksiv.com\/revision\/felizimpresion\/producto\/libreta-de-notas-a6-mama\/","url":"https:\/\/linksiv.com\/revision\/felizimpresion\/producto\/libreta-de-notas-a6-mama\/","name":"LIBRETA DE NOTAS A6 MAM\u00c1 - Feliz Impresion","isPartOf":{"@id":"https:\/\/linksiv.com\/revision\/felizimpresion\/#website"},"datePublished":"2025-07-15T22:15:19+00:00","dateModified":"2025-08-29T20:01:17+00:00","breadcrumb":{"@id":"https:\/\/linksiv.com\/revision\/felizimpresion\/producto\/libreta-de-notas-a6-mama\/#breadcrumb"},"inLanguage":"es","potentialAction":[{"@type":"ReadAction","target":["https:\/\/linksiv.com\/revision\/felizimpresion\/producto\/libreta-de-notas-a6-mama\/"]}]},{"@type":"BreadcrumbList","@id":"https:\/\/linksiv.com\/revision\/felizimpresion\/producto\/libreta-de-notas-a6-mama\/#breadcrumb","itemListElement":[{"@type":"ListItem","position":1,"name":"Home","item":"https:\/\/linksiv.com\/revision\/felizimpresion\/"},{"@type":"ListItem","position":2,"name":"Tienda","item":"https:\/\/linksiv.com\/revision\/felizimpresion\/tienda\/"},{"@type":"ListItem","position":3,"name":"LIBRETA DE NOTAS A6 MAM\u00c1"}]},{"@type":"WebSite","@id":"https:\/\/linksiv.com\/revision\/felizimpresion\/#website","url":"https:\/\/linksiv.com\/revision\/felizimpresion\/","name":"Feliz Impresion","description":"","publisher":{"@id":"https:\/\/linksiv.com\/revision\/felizimpresion\/#organization"},"potentialAction":[{"@type":"SearchAction","target":{"@type":"EntryPoint","urlTemplate":"https:\/\/linksiv.com\/revision\/felizimpresion\/?s={search_term_string}"},"query-input":"required name=search_term_string"}],"inLanguage":"es"},{"@type":"Organization","@id":"https:\/\/linksiv.com\/revision\/felizimpresion\/#organization","name":"Feliz Impresion","url":"https:\/\/linksiv.com\/revision\/felizimpresion\/","logo":{"@type":"ImageObject","inLanguage":"es","@id":"https:\/\/linksiv.com\/revision\/felizimpresion\/#\/schema\/logo\/image\/","url":"https:\/\/linksiv.com\/revision\/felizimpresion\/wp-content\/uploads\/2023\/08\/cropped-cropped-Favicon.png","contentUrl":"https:\/\/linksiv.com\/revision\/felizimpresion\/wp-content\/uploads\/2023\/08\/cropped-cropped-Favicon.png","width":500,"height":500,"caption":"Feliz Impresion"},"image":{"@id":"https:\/\/linksiv.com\/revision\/felizimpresion\/#\/schema\/logo\/image\/"}}]}},"_links":{"self":[{"href":"https:\/\/linksiv.com\/revision\/felizimpresion\/wp-json\/wp\/v2\/product\/2883","targetHints":{"allow":["GET"]}}],"collection":[{"href":"https:\/\/linksiv.com\/revision\/felizimpresion\/wp-json\/wp\/v2\/product"}],"about":[{"href":"https:\/\/linksiv.com\/revision\/felizimpresion\/wp-json\/wp\/v2\/types\/product"}],"replies":[{"embeddable":true,"href":"https:\/\/linksiv.com\/revision\/felizimpresion\/wp-json\/wp\/v2\/comments?post=2883"}],"wp:featuredmedia":[{"embeddable":true,"href":"https:\/\/linksiv.com\/revision\/felizimpresion\/wp-json\/wp\/v2\/media\/2884"}],"wp:attachment":[{"href":"https:\/\/linksiv.com\/revision\/felizimpresion\/wp-json\/wp\/v2\/media?parent=2883"}],"wp:term":[{"taxonomy":"product_brand","embeddable":true,"href":"https:\/\/linksiv.com\/revision\/felizimpresion\/wp-json\/wp\/v2\/product_brand?post=2883"},{"taxonomy":"product_cat","embeddable":true,"href":"https:\/\/linksiv.com\/revision\/felizimpresion\/wp-json\/wp\/v2\/product_cat?post=2883"},{"taxonomy":"product_tag","embeddable":true,"href":"https:\/\/linksiv.com\/revision\/felizimpresion\/wp-json\/wp\/v2\/product_tag?post=2883"},{"taxonomy":"giftcard-category","embeddable":true,"href":"https:\/\/linksiv.com\/revision\/felizimpresion\/wp-json\/wp\/v2\/giftcard-category?post=2883"}],"curies":[{"name":"wp","href":"https:\/\/api.w.org\/{rel}","templated":true}]}}