{"id":2801,"date":"2025-07-15T12:19:29","date_gmt":"2025-07-15T17:19:29","guid":{"rendered":"https:\/\/linksiv.com\/revision\/felizimpresion\/?post_type=product&#038;p=2801"},"modified":"2025-09-11T16:11:53","modified_gmt":"2025-09-11T21:11:53","slug":"mini-impresora-termica","status":"publish","type":"product","link":"https:\/\/linksiv.com\/revision\/felizimpresion\/producto\/mini-impresora-termica\/","title":{"rendered":"MINI IMPRESORA TERMICA"},"content":{"rendered":"<div class=\"product-prices\">\n<div class=\"tax-shipping-delivery-label\"><span style=\"color: #008000;\"><strong>IGV Incl.<\/strong><\/span><\/div>\n<div><\/div>\n<\/div>\n<div class=\"product-information\">\n<div id=\"product-description-short-664\">\n<h4>\u00a1Captura cada momento con estilo y diversi\u00f3n con nuestra c\u00e1mara port\u00e1til t\u00e9rmica! Dise\u00f1ada para disfrutar de la vida al m\u00e1ximo, esta c\u00e1mara te permite capturar momentos especiales en diferentes momentos del d\u00eda.<\/h4>\n<h4>\u00a1No dejes que ning\u00fan momento se escape, capt\u00faralo con nuestra c\u00e1mara t\u00e9rmica!<\/h4>\n<\/div>\n<\/div>\n","protected":false},"excerpt":{"rendered":"<p>IGV Incl. \u00a1Captura cada momento con estilo y diversi\u00f3n con nuestra c\u00e1mara port\u00e1til t\u00e9rmica! Dise\u00f1ada para disfrutar de la vida al m\u00e1ximo, esta c\u00e1mara te permite capturar momentos especiales en diferentes momentos del d\u00eda. \u00a1No dejes que ning\u00fan momento se escape, capt\u00faralo con nuestra c\u00e1mara t\u00e9rmica!<\/p>\n","protected":false},"featured_media":2803,"comment_status":"open","ping_status":"closed","template":"","meta":{"inline_featured_image":false},"product_brand":[],"product_cat":[31,33,72],"product_tag":[],"giftcard-category":[],"class_list":{"0":"post-2801","1":"product","2":"type-product","3":"status-publish","4":"has-post-thumbnail","6":"product_cat-accesorios-oficina","7":"product_cat-otros","8":"product_cat-estudiantes","10":"first","11":"instock","12":"taxable","13":"shipping-taxable","14":"purchasable","15":"product-type-variable"},"acf":[],"yoast_head":"<!-- This site is optimized with the Yoast SEO plugin v21.5 - https:\/\/yoast.com\/wordpress\/plugins\/seo\/ -->\n<title>MINI IMPRESORA TERMICA - Feliz Impresion<\/title>\n<meta name=\"robots\" content=\"index, follow, max-snippet:-1, max-image-preview:large, max-video-preview:-1\" \/>\n<link rel=\"canonical\" href=\"https:\/\/linksiv.com\/revision\/felizimpresion\/producto\/mini-impresora-termica\/\" \/>\n<meta property=\"og:locale\" content=\"es_ES\" \/>\n<meta property=\"og:type\" content=\"article\" \/>\n<meta property=\"og:title\" content=\"MINI IMPRESORA TERMICA - Feliz Impresion\" \/>\n<meta property=\"og:description\" content=\"IGV Incl. \u00a1Captura cada momento con estilo y diversi\u00f3n con nuestra c\u00e1mara port\u00e1til t\u00e9rmica! Dise\u00f1ada para disfrutar de la vida al m\u00e1ximo, esta c\u00e1mara te permite capturar momentos especiales en diferentes momentos del d\u00eda. \u00a1No dejes que ning\u00fan momento se escape, capt\u00faralo con nuestra c\u00e1mara t\u00e9rmica!\" \/>\n<meta property=\"og:url\" content=\"https:\/\/linksiv.com\/revision\/felizimpresion\/producto\/mini-impresora-termica\/\" \/>\n<meta property=\"og:site_name\" content=\"Feliz Impresion\" \/>\n<meta property=\"article:modified_time\" content=\"2025-09-11T21:11:53+00:00\" \/>\n<meta property=\"og:image\" content=\"https:\/\/linksiv.com\/revision\/felizimpresion\/wp-content\/uploads\/2025\/07\/lapiceros-oficina-pasteles-1-2.jpg\" \/>\n\t<meta property=\"og:image:width\" content=\"800\" \/>\n\t<meta property=\"og:image:height\" content=\"800\" \/>\n\t<meta property=\"og:image:type\" content=\"image\/jpeg\" \/>\n<meta name=\"twitter:card\" content=\"summary_large_image\" \/>\n<meta name=\"twitter:label1\" content=\"Tiempo de lectura\" \/>\n\t<meta name=\"twitter:data1\" content=\"1 minuto\" \/>\n<script type=\"application\/ld+json\" class=\"yoast-schema-graph\">{\"@context\":\"https:\/\/schema.org\",\"@graph\":[{\"@type\":\"WebPage\",\"@id\":\"https:\/\/linksiv.com\/revision\/felizimpresion\/producto\/mini-impresora-termica\/\",\"url\":\"https:\/\/linksiv.com\/revision\/felizimpresion\/producto\/mini-impresora-termica\/\",\"name\":\"MINI IMPRESORA TERMICA - Feliz Impresion\",\"isPartOf\":{\"@id\":\"https:\/\/linksiv.com\/revision\/felizimpresion\/#website\"},\"datePublished\":\"2025-07-15T17:19:29+00:00\",\"dateModified\":\"2025-09-11T21:11:53+00:00\",\"breadcrumb\":{\"@id\":\"https:\/\/linksiv.com\/revision\/felizimpresion\/producto\/mini-impresora-termica\/#breadcrumb\"},\"inLanguage\":\"es\",\"potentialAction\":[{\"@type\":\"ReadAction\",\"target\":[\"https:\/\/linksiv.com\/revision\/felizimpresion\/producto\/mini-impresora-termica\/\"]}]},{\"@type\":\"BreadcrumbList\",\"@id\":\"https:\/\/linksiv.com\/revision\/felizimpresion\/producto\/mini-impresora-termica\/#breadcrumb\",\"itemListElement\":[{\"@type\":\"ListItem\",\"position\":1,\"name\":\"Home\",\"item\":\"https:\/\/linksiv.com\/revision\/felizimpresion\/\"},{\"@type\":\"ListItem\",\"position\":2,\"name\":\"Tienda\",\"item\":\"https:\/\/linksiv.com\/revision\/felizimpresion\/tienda\/\"},{\"@type\":\"ListItem\",\"position\":3,\"name\":\"MINI IMPRESORA TERMICA\"}]},{\"@type\":\"WebSite\",\"@id\":\"https:\/\/linksiv.com\/revision\/felizimpresion\/#website\",\"url\":\"https:\/\/linksiv.com\/revision\/felizimpresion\/\",\"name\":\"Feliz Impresion\",\"description\":\"\",\"publisher\":{\"@id\":\"https:\/\/linksiv.com\/revision\/felizimpresion\/#organization\"},\"potentialAction\":[{\"@type\":\"SearchAction\",\"target\":{\"@type\":\"EntryPoint\",\"urlTemplate\":\"https:\/\/linksiv.com\/revision\/felizimpresion\/?s={search_term_string}\"},\"query-input\":\"required name=search_term_string\"}],\"inLanguage\":\"es\"},{\"@type\":\"Organization\",\"@id\":\"https:\/\/linksiv.com\/revision\/felizimpresion\/#organization\",\"name\":\"Feliz Impresion\",\"url\":\"https:\/\/linksiv.com\/revision\/felizimpresion\/\",\"logo\":{\"@type\":\"ImageObject\",\"inLanguage\":\"es\",\"@id\":\"https:\/\/linksiv.com\/revision\/felizimpresion\/#\/schema\/logo\/image\/\",\"url\":\"https:\/\/linksiv.com\/revision\/felizimpresion\/wp-content\/uploads\/2023\/08\/cropped-cropped-Favicon.png\",\"contentUrl\":\"https:\/\/linksiv.com\/revision\/felizimpresion\/wp-content\/uploads\/2023\/08\/cropped-cropped-Favicon.png\",\"width\":500,\"height\":500,\"caption\":\"Feliz Impresion\"},\"image\":{\"@id\":\"https:\/\/linksiv.com\/revision\/felizimpresion\/#\/schema\/logo\/image\/\"}}]}<\/script>\n<!-- \/ Yoast SEO plugin. -->","yoast_head_json":{"title":"MINI IMPRESORA TERMICA - Feliz Impresion","robots":{"index":"index","follow":"follow","max-snippet":"max-snippet:-1","max-image-preview":"max-image-preview:large","max-video-preview":"max-video-preview:-1"},"canonical":"https:\/\/linksiv.com\/revision\/felizimpresion\/producto\/mini-impresora-termica\/","og_locale":"es_ES","og_type":"article","og_title":"MINI IMPRESORA TERMICA - Feliz Impresion","og_description":"IGV Incl. \u00a1Captura cada momento con estilo y diversi\u00f3n con nuestra c\u00e1mara port\u00e1til t\u00e9rmica! Dise\u00f1ada para disfrutar de la vida al m\u00e1ximo, esta c\u00e1mara te permite capturar momentos especiales en diferentes momentos del d\u00eda. \u00a1No dejes que ning\u00fan momento se escape, capt\u00faralo con nuestra c\u00e1mara t\u00e9rmica!","og_url":"https:\/\/linksiv.com\/revision\/felizimpresion\/producto\/mini-impresora-termica\/","og_site_name":"Feliz Impresion","article_modified_time":"2025-09-11T21:11:53+00:00","og_image":[{"width":800,"height":800,"url":"https:\/\/linksiv.com\/revision\/felizimpresion\/wp-content\/uploads\/2025\/07\/lapiceros-oficina-pasteles-1-2.jpg","type":"image\/jpeg"}],"twitter_card":"summary_large_image","twitter_misc":{"Tiempo de lectura":"1 minuto"},"schema":{"@context":"https:\/\/schema.org","@graph":[{"@type":"WebPage","@id":"https:\/\/linksiv.com\/revision\/felizimpresion\/producto\/mini-impresora-termica\/","url":"https:\/\/linksiv.com\/revision\/felizimpresion\/producto\/mini-impresora-termica\/","name":"MINI IMPRESORA TERMICA - Feliz Impresion","isPartOf":{"@id":"https:\/\/linksiv.com\/revision\/felizimpresion\/#website"},"datePublished":"2025-07-15T17:19:29+00:00","dateModified":"2025-09-11T21:11:53+00:00","breadcrumb":{"@id":"https:\/\/linksiv.com\/revision\/felizimpresion\/producto\/mini-impresora-termica\/#breadcrumb"},"inLanguage":"es","potentialAction":[{"@type":"ReadAction","target":["https:\/\/linksiv.com\/revision\/felizimpresion\/producto\/mini-impresora-termica\/"]}]},{"@type":"BreadcrumbList","@id":"https:\/\/linksiv.com\/revision\/felizimpresion\/producto\/mini-impresora-termica\/#breadcrumb","itemListElement":[{"@type":"ListItem","position":1,"name":"Home","item":"https:\/\/linksiv.com\/revision\/felizimpresion\/"},{"@type":"ListItem","position":2,"name":"Tienda","item":"https:\/\/linksiv.com\/revision\/felizimpresion\/tienda\/"},{"@type":"ListItem","position":3,"name":"MINI IMPRESORA TERMICA"}]},{"@type":"WebSite","@id":"https:\/\/linksiv.com\/revision\/felizimpresion\/#website","url":"https:\/\/linksiv.com\/revision\/felizimpresion\/","name":"Feliz Impresion","description":"","publisher":{"@id":"https:\/\/linksiv.com\/revision\/felizimpresion\/#organization"},"potentialAction":[{"@type":"SearchAction","target":{"@type":"EntryPoint","urlTemplate":"https:\/\/linksiv.com\/revision\/felizimpresion\/?s={search_term_string}"},"query-input":"required name=search_term_string"}],"inLanguage":"es"},{"@type":"Organization","@id":"https:\/\/linksiv.com\/revision\/felizimpresion\/#organization","name":"Feliz Impresion","url":"https:\/\/linksiv.com\/revision\/felizimpresion\/","logo":{"@type":"ImageObject","inLanguage":"es","@id":"https:\/\/linksiv.com\/revision\/felizimpresion\/#\/schema\/logo\/image\/","url":"https:\/\/linksiv.com\/revision\/felizimpresion\/wp-content\/uploads\/2023\/08\/cropped-cropped-Favicon.png","contentUrl":"https:\/\/linksiv.com\/revision\/felizimpresion\/wp-content\/uploads\/2023\/08\/cropped-cropped-Favicon.png","width":500,"height":500,"caption":"Feliz Impresion"},"image":{"@id":"https:\/\/linksiv.com\/revision\/felizimpresion\/#\/schema\/logo\/image\/"}}]}},"_links":{"self":[{"href":"https:\/\/linksiv.com\/revision\/felizimpresion\/wp-json\/wp\/v2\/product\/2801","targetHints":{"allow":["GET"]}}],"collection":[{"href":"https:\/\/linksiv.com\/revision\/felizimpresion\/wp-json\/wp\/v2\/product"}],"about":[{"href":"https:\/\/linksiv.com\/revision\/felizimpresion\/wp-json\/wp\/v2\/types\/product"}],"replies":[{"embeddable":true,"href":"https:\/\/linksiv.com\/revision\/felizimpresion\/wp-json\/wp\/v2\/comments?post=2801"}],"wp:featuredmedia":[{"embeddable":true,"href":"https:\/\/linksiv.com\/revision\/felizimpresion\/wp-json\/wp\/v2\/media\/2803"}],"wp:attachment":[{"href":"https:\/\/linksiv.com\/revision\/felizimpresion\/wp-json\/wp\/v2\/media?parent=2801"}],"wp:term":[{"taxonomy":"product_brand","embeddable":true,"href":"https:\/\/linksiv.com\/revision\/felizimpresion\/wp-json\/wp\/v2\/product_brand?post=2801"},{"taxonomy":"product_cat","embeddable":true,"href":"https:\/\/linksiv.com\/revision\/felizimpresion\/wp-json\/wp\/v2\/product_cat?post=2801"},{"taxonomy":"product_tag","embeddable":true,"href":"https:\/\/linksiv.com\/revision\/felizimpresion\/wp-json\/wp\/v2\/product_tag?post=2801"},{"taxonomy":"giftcard-category","embeddable":true,"href":"https:\/\/linksiv.com\/revision\/felizimpresion\/wp-json\/wp\/v2\/giftcard-category?post=2801"}],"curies":[{"name":"wp","href":"https:\/\/api.w.org\/{rel}","templated":true}]}}