{"id":2583,"date":"2025-07-11T14:53:45","date_gmt":"2025-07-11T19:53:45","guid":{"rendered":"https:\/\/linksiv.com\/revision\/felizimpresion\/?post_type=product&#038;p=2583"},"modified":"2026-02-10T15:06:35","modified_gmt":"2026-02-10T20:06:35","slug":"album-primer-anito","status":"publish","type":"product","link":"https:\/\/linksiv.com\/revision\/felizimpresion\/producto\/album-primer-anito\/","title":{"rendered":"\u00c1LBUM PRIMER A\u00d1ITO"},"content":{"rendered":"<div class=\"product-prices\">\n<div class=\"tax-shipping-delivery-label\"><span style=\"color: #008000;\"><strong>IGV Incl.<\/strong><\/span><\/div>\n<div><\/div>\n<\/div>\n<div class=\"product-information\">\n<div id=\"product-description-short-612\">\n<h4>Ll\u00e9vate el pack y disfruta rellenando estos \u00e1lbumes diarios recuerdos de momentos tan m\u00e1gicos como el embarazo y los primeros doce meses de vida de tu beb\u00e9, documentando todos sus logros con fotos geniales y contenidos enriquecidos.<\/h4>\n<\/div>\n<\/div>\n","protected":false},"excerpt":{"rendered":"<p>IGV Incl. Ll\u00e9vate el pack y disfruta rellenando estos \u00e1lbumes diarios recuerdos de momentos tan m\u00e1gicos como el embarazo y los primeros doce meses de vida de tu beb\u00e9, documentando todos sus logros con fotos geniales y contenidos enriquecidos.<\/p>\n","protected":false},"featured_media":2589,"comment_status":"open","ping_status":"closed","template":"","meta":{"inline_featured_image":false},"product_brand":[],"product_cat":[23],"product_tag":[],"giftcard-category":[],"class_list":{"0":"post-2583","1":"product","2":"type-product","3":"status-publish","4":"has-post-thumbnail","6":"product_cat-albumes","8":"first","9":"instock","10":"taxable","11":"shipping-taxable","12":"purchasable","13":"product-type-variable","14":"has-default-attributes"},"acf":[],"yoast_head":"<!-- This site is optimized with the Yoast SEO plugin v21.5 - https:\/\/yoast.com\/wordpress\/plugins\/seo\/ -->\n<title>\u00c1LBUM PRIMER A\u00d1ITO - Feliz Impresion<\/title>\n<meta name=\"robots\" content=\"index, follow, max-snippet:-1, max-image-preview:large, max-video-preview:-1\" \/>\n<link rel=\"canonical\" href=\"https:\/\/linksiv.com\/revision\/felizimpresion\/producto\/album-primer-anito\/\" \/>\n<meta property=\"og:locale\" content=\"es_ES\" \/>\n<meta property=\"og:type\" content=\"article\" \/>\n<meta property=\"og:title\" content=\"\u00c1LBUM PRIMER A\u00d1ITO - Feliz Impresion\" \/>\n<meta property=\"og:description\" content=\"IGV Incl. Ll\u00e9vate el pack y disfruta rellenando estos \u00e1lbumes diarios recuerdos de momentos tan m\u00e1gicos como el embarazo y los primeros doce meses de vida de tu beb\u00e9, documentando todos sus logros con fotos geniales y contenidos enriquecidos.\" \/>\n<meta property=\"og:url\" content=\"https:\/\/linksiv.com\/revision\/felizimpresion\/producto\/album-primer-anito\/\" \/>\n<meta property=\"og:site_name\" content=\"Feliz Impresion\" \/>\n<meta property=\"article:modified_time\" content=\"2026-02-10T20:06:35+00:00\" \/>\n<meta property=\"og:image\" content=\"https:\/\/linksiv.com\/revision\/felizimpresion\/wp-content\/uploads\/2025\/07\/album-de-fotos.jpg\" \/>\n\t<meta property=\"og:image:width\" content=\"800\" \/>\n\t<meta property=\"og:image:height\" content=\"800\" \/>\n\t<meta property=\"og:image:type\" content=\"image\/jpeg\" \/>\n<meta name=\"twitter:card\" content=\"summary_large_image\" \/>\n<meta name=\"twitter:label1\" content=\"Tiempo de lectura\" \/>\n\t<meta name=\"twitter:data1\" content=\"1 minuto\" \/>\n<script type=\"application\/ld+json\" class=\"yoast-schema-graph\">{\"@context\":\"https:\/\/schema.org\",\"@graph\":[{\"@type\":\"WebPage\",\"@id\":\"https:\/\/linksiv.com\/revision\/felizimpresion\/producto\/album-primer-anito\/\",\"url\":\"https:\/\/linksiv.com\/revision\/felizimpresion\/producto\/album-primer-anito\/\",\"name\":\"\u00c1LBUM PRIMER A\u00d1ITO - Feliz Impresion\",\"isPartOf\":{\"@id\":\"https:\/\/linksiv.com\/revision\/felizimpresion\/#website\"},\"datePublished\":\"2025-07-11T19:53:45+00:00\",\"dateModified\":\"2026-02-10T20:06:35+00:00\",\"breadcrumb\":{\"@id\":\"https:\/\/linksiv.com\/revision\/felizimpresion\/producto\/album-primer-anito\/#breadcrumb\"},\"inLanguage\":\"es\",\"potentialAction\":[{\"@type\":\"ReadAction\",\"target\":[\"https:\/\/linksiv.com\/revision\/felizimpresion\/producto\/album-primer-anito\/\"]}]},{\"@type\":\"BreadcrumbList\",\"@id\":\"https:\/\/linksiv.com\/revision\/felizimpresion\/producto\/album-primer-anito\/#breadcrumb\",\"itemListElement\":[{\"@type\":\"ListItem\",\"position\":1,\"name\":\"Home\",\"item\":\"https:\/\/linksiv.com\/revision\/felizimpresion\/\"},{\"@type\":\"ListItem\",\"position\":2,\"name\":\"Tienda\",\"item\":\"https:\/\/linksiv.com\/revision\/felizimpresion\/tienda\/\"},{\"@type\":\"ListItem\",\"position\":3,\"name\":\"\u00c1LBUM PRIMER A\u00d1ITO\"}]},{\"@type\":\"WebSite\",\"@id\":\"https:\/\/linksiv.com\/revision\/felizimpresion\/#website\",\"url\":\"https:\/\/linksiv.com\/revision\/felizimpresion\/\",\"name\":\"Feliz Impresion\",\"description\":\"\",\"publisher\":{\"@id\":\"https:\/\/linksiv.com\/revision\/felizimpresion\/#organization\"},\"potentialAction\":[{\"@type\":\"SearchAction\",\"target\":{\"@type\":\"EntryPoint\",\"urlTemplate\":\"https:\/\/linksiv.com\/revision\/felizimpresion\/?s={search_term_string}\"},\"query-input\":\"required name=search_term_string\"}],\"inLanguage\":\"es\"},{\"@type\":\"Organization\",\"@id\":\"https:\/\/linksiv.com\/revision\/felizimpresion\/#organization\",\"name\":\"Feliz Impresion\",\"url\":\"https:\/\/linksiv.com\/revision\/felizimpresion\/\",\"logo\":{\"@type\":\"ImageObject\",\"inLanguage\":\"es\",\"@id\":\"https:\/\/linksiv.com\/revision\/felizimpresion\/#\/schema\/logo\/image\/\",\"url\":\"https:\/\/linksiv.com\/revision\/felizimpresion\/wp-content\/uploads\/2023\/08\/cropped-cropped-Favicon.png\",\"contentUrl\":\"https:\/\/linksiv.com\/revision\/felizimpresion\/wp-content\/uploads\/2023\/08\/cropped-cropped-Favicon.png\",\"width\":500,\"height\":500,\"caption\":\"Feliz Impresion\"},\"image\":{\"@id\":\"https:\/\/linksiv.com\/revision\/felizimpresion\/#\/schema\/logo\/image\/\"}}]}<\/script>\n<!-- \/ Yoast SEO plugin. -->","yoast_head_json":{"title":"\u00c1LBUM PRIMER A\u00d1ITO - Feliz Impresion","robots":{"index":"index","follow":"follow","max-snippet":"max-snippet:-1","max-image-preview":"max-image-preview:large","max-video-preview":"max-video-preview:-1"},"canonical":"https:\/\/linksiv.com\/revision\/felizimpresion\/producto\/album-primer-anito\/","og_locale":"es_ES","og_type":"article","og_title":"\u00c1LBUM PRIMER A\u00d1ITO - Feliz Impresion","og_description":"IGV Incl. Ll\u00e9vate el pack y disfruta rellenando estos \u00e1lbumes diarios recuerdos de momentos tan m\u00e1gicos como el embarazo y los primeros doce meses de vida de tu beb\u00e9, documentando todos sus logros con fotos geniales y contenidos enriquecidos.","og_url":"https:\/\/linksiv.com\/revision\/felizimpresion\/producto\/album-primer-anito\/","og_site_name":"Feliz Impresion","article_modified_time":"2026-02-10T20:06:35+00:00","og_image":[{"width":800,"height":800,"url":"https:\/\/linksiv.com\/revision\/felizimpresion\/wp-content\/uploads\/2025\/07\/album-de-fotos.jpg","type":"image\/jpeg"}],"twitter_card":"summary_large_image","twitter_misc":{"Tiempo de lectura":"1 minuto"},"schema":{"@context":"https:\/\/schema.org","@graph":[{"@type":"WebPage","@id":"https:\/\/linksiv.com\/revision\/felizimpresion\/producto\/album-primer-anito\/","url":"https:\/\/linksiv.com\/revision\/felizimpresion\/producto\/album-primer-anito\/","name":"\u00c1LBUM PRIMER A\u00d1ITO - Feliz Impresion","isPartOf":{"@id":"https:\/\/linksiv.com\/revision\/felizimpresion\/#website"},"datePublished":"2025-07-11T19:53:45+00:00","dateModified":"2026-02-10T20:06:35+00:00","breadcrumb":{"@id":"https:\/\/linksiv.com\/revision\/felizimpresion\/producto\/album-primer-anito\/#breadcrumb"},"inLanguage":"es","potentialAction":[{"@type":"ReadAction","target":["https:\/\/linksiv.com\/revision\/felizimpresion\/producto\/album-primer-anito\/"]}]},{"@type":"BreadcrumbList","@id":"https:\/\/linksiv.com\/revision\/felizimpresion\/producto\/album-primer-anito\/#breadcrumb","itemListElement":[{"@type":"ListItem","position":1,"name":"Home","item":"https:\/\/linksiv.com\/revision\/felizimpresion\/"},{"@type":"ListItem","position":2,"name":"Tienda","item":"https:\/\/linksiv.com\/revision\/felizimpresion\/tienda\/"},{"@type":"ListItem","position":3,"name":"\u00c1LBUM PRIMER A\u00d1ITO"}]},{"@type":"WebSite","@id":"https:\/\/linksiv.com\/revision\/felizimpresion\/#website","url":"https:\/\/linksiv.com\/revision\/felizimpresion\/","name":"Feliz Impresion","description":"","publisher":{"@id":"https:\/\/linksiv.com\/revision\/felizimpresion\/#organization"},"potentialAction":[{"@type":"SearchAction","target":{"@type":"EntryPoint","urlTemplate":"https:\/\/linksiv.com\/revision\/felizimpresion\/?s={search_term_string}"},"query-input":"required name=search_term_string"}],"inLanguage":"es"},{"@type":"Organization","@id":"https:\/\/linksiv.com\/revision\/felizimpresion\/#organization","name":"Feliz Impresion","url":"https:\/\/linksiv.com\/revision\/felizimpresion\/","logo":{"@type":"ImageObject","inLanguage":"es","@id":"https:\/\/linksiv.com\/revision\/felizimpresion\/#\/schema\/logo\/image\/","url":"https:\/\/linksiv.com\/revision\/felizimpresion\/wp-content\/uploads\/2023\/08\/cropped-cropped-Favicon.png","contentUrl":"https:\/\/linksiv.com\/revision\/felizimpresion\/wp-content\/uploads\/2023\/08\/cropped-cropped-Favicon.png","width":500,"height":500,"caption":"Feliz Impresion"},"image":{"@id":"https:\/\/linksiv.com\/revision\/felizimpresion\/#\/schema\/logo\/image\/"}}]}},"_links":{"self":[{"href":"https:\/\/linksiv.com\/revision\/felizimpresion\/wp-json\/wp\/v2\/product\/2583","targetHints":{"allow":["GET"]}}],"collection":[{"href":"https:\/\/linksiv.com\/revision\/felizimpresion\/wp-json\/wp\/v2\/product"}],"about":[{"href":"https:\/\/linksiv.com\/revision\/felizimpresion\/wp-json\/wp\/v2\/types\/product"}],"replies":[{"embeddable":true,"href":"https:\/\/linksiv.com\/revision\/felizimpresion\/wp-json\/wp\/v2\/comments?post=2583"}],"wp:featuredmedia":[{"embeddable":true,"href":"https:\/\/linksiv.com\/revision\/felizimpresion\/wp-json\/wp\/v2\/media\/2589"}],"wp:attachment":[{"href":"https:\/\/linksiv.com\/revision\/felizimpresion\/wp-json\/wp\/v2\/media?parent=2583"}],"wp:term":[{"taxonomy":"product_brand","embeddable":true,"href":"https:\/\/linksiv.com\/revision\/felizimpresion\/wp-json\/wp\/v2\/product_brand?post=2583"},{"taxonomy":"product_cat","embeddable":true,"href":"https:\/\/linksiv.com\/revision\/felizimpresion\/wp-json\/wp\/v2\/product_cat?post=2583"},{"taxonomy":"product_tag","embeddable":true,"href":"https:\/\/linksiv.com\/revision\/felizimpresion\/wp-json\/wp\/v2\/product_tag?post=2583"},{"taxonomy":"giftcard-category","embeddable":true,"href":"https:\/\/linksiv.com\/revision\/felizimpresion\/wp-json\/wp\/v2\/giftcard-category?post=2583"}],"curies":[{"name":"wp","href":"https:\/\/api.w.org\/{rel}","templated":true}]}}