{"id":23,"date":"2023-05-24T16:42:36","date_gmt":"2023-05-24T16:42:36","guid":{"rendered":"http:\/\/localhost\/felizimpresion\/?page_id=23"},"modified":"2023-11-28T10:44:43","modified_gmt":"2023-11-28T15:44:43","slug":"servicio-de-envio","status":"publish","type":"page","link":"https:\/\/linksiv.com\/revision\/felizimpresion\/servicio-de-envio\/","title":{"rendered":"Env\u00edos"},"content":{"rendered":"<p>Hemos tratado de tener la cobertura m\u00e1s amplia posible en todo el Per\u00fa, pero aun as\u00ed hay zonas donde los env\u00edos no pueden llegar o lugares donde hay m\u00e1s de una forma de envi\u00f3 o entrega. A continuaci\u00f3n, explicaremos los costos, coberturas y formas de entrega, pero si tienes dudas puedes consultar directamente aqu\u00ed. Los tiempos de entrega del servicio de envi\u00f3, son adicionales a los tiempos de producci\u00f3n de los productos; por ejemplo, los productos personalizados como indican en su descripci\u00f3n cuentan con una producci\u00f3n de 3 a 7 d\u00edas (depender\u00e1 del volumen de pedidos de esa semana) a partir de este punto lo llamaremos PRODUCTO TERMINADO\u207d\u00b9\u207e, como tambi\u00e9n tenemos productos que est\u00e1n listos desde su compra y ya son considerados como PRODUCTO TERMINADO\u207d\u00b9\u207e. Los servicios de envi\u00f3 son hechos 3 d\u00edas por semana martes, jueves y s\u00e1bado.<\/p>\n<p>OPCIONES DE ENTREGA<\/p>\n<p>Contamos actualmente con 5 medios de entrega o envi\u00f3.<\/p>\n<p>PROVINCIA DE LIMA Y CALLAO<\/p>\n<p><b>1) Feliz impresi\u00f3n:<\/b> Es la opci\u00f3n sin costo de recojo en nuestro taller en SJL (Altura del parque Zonal Huiracocha) La Basilia Mz B Lt 36 o b\u00fascanos en el maps como Feliz Impresi\u00f3n Tiempo de entrega o recojo es a partir mismo d\u00eda en que ya es considerado PRODUCTO TERMINADO\u207d\u00b9\u207e, disponible para recojo hasta 15 d\u00edas; luego no se podr\u00e1 garantizar la disponibilidad del producto. Ir con el n\u00famero de pedido y DNI o otra informaci\u00f3n del registro para validar su identidad.<\/p>\n<p><b>2) Motorizado:<\/b> Opci\u00f3n de env\u00edos para Lima con cobertura limitada y escalable, que explicaremos a continuaci\u00f3n. Los d\u00edas de envi\u00f3 son martes, jueves y s\u00e1bado de 10:00 am a 7:00 pm y son agrupados seg\u00fan el d\u00eda en que sean PRODUCTO TERMINADO\u207d\u00b9\u207e. Para entregas a oficinas o recepci\u00f3n notificar a porter\u00eda o encargado para evitar rechazos del pedido. Se coordinara la entrega por medio del numero telef\u00f3nico registrado para confirmar disponibilidad, llegado al destino el motorizado puede esperar de 15 a 20 minutos m\u00e1ximos y luego se retirar y se coordinara otro entrega que tendr\u00e1 costos adicionales.<\/p>\n<p><a href=\"#\">Ver aqu\u00ed restricciones en el Google Maps<\/a><\/p>\n<p><img loading=\"lazy\" decoding=\"async\" class=\"alignnone wp-image-472 size-full\" src=\"http:\/\/localhost\/felizimpresion\/wp-content\/uploads\/2023\/07\/mapa_envios.jpg\" alt=\"Mapa\" width=\"1274\" height=\"538\" srcset=\"https:\/\/linksiv.com\/revision\/felizimpresion\/wp-content\/uploads\/2023\/07\/mapa_envios.jpg 1274w, https:\/\/linksiv.com\/revision\/felizimpresion\/wp-content\/uploads\/2023\/07\/mapa_envios-416x176.jpg 416w, https:\/\/linksiv.com\/revision\/felizimpresion\/wp-content\/uploads\/2023\/07\/mapa_envios-300x127.jpg 300w, https:\/\/linksiv.com\/revision\/felizimpresion\/wp-content\/uploads\/2023\/07\/mapa_envios-1024x432.jpg 1024w, https:\/\/linksiv.com\/revision\/felizimpresion\/wp-content\/uploads\/2023\/07\/mapa_envios-768x324.jpg 768w\" sizes=\"auto, (max-width: 1274px) 100vw, 1274px\" \/><\/p>\n<p>*Algunos distritos no tienen cobertura completa:<\/p>\n<p>Agustino, San Juan de Lurigancho y otros no incluyen cerros por poca accesibilidad de los motorizados.<\/p>\n<p>Carabayllo llegamos hasta la municipalidad, S\/.5.00 soles adicionales el resto del distrito.<\/p>\n<p>Comas (Collique) tiene un costo adicional de S\/3.00 soles adicionales.<\/p>\n<p>Ate Vitarte S\/.5.00 soles adicionales desde la municipalidad hasta Santa clara.<\/p>\n<p>Villa Mar\u00eda del Triunfo S\/.3.00 soles adicionales la zona de Jose Galvez.<\/p>\n<p>Villa el salvador S\/.3.00 soles adicionales pasando 200 Millas.<\/p>\n<p>San juan de Miraflores (Pamplona Alta) S\/.3.00 soles adicionales.<\/p>\n<p>San juan de Lurigancho S\/.5.00 soles adicionales pasando Bayobar hasta Jicamarca<\/p>\n<p>La Molina S\/.3.00 soles adicionales pasando Municipalidad hasta Musa.<\/p>\n<p>No se hacen entregas en Barrios Altos, consultar.<\/p>\n<p>DISTRITOS LEJANOS \/ PROVINCIAS DE LIMA Y DEL PERU<\/p>\n<p><b>3) Olva Courier:<\/b> Opci\u00f3n disponible para los distritos m\u00e1s lejanos de Lima, otras provincias de lima y del Per\u00fa. Puede recogerse en agencia o envi\u00f3 a domicilio. Seg\u00fan disponibilidad de la zonas por Olva Courier.<\/p>\n<p>Los env\u00edos se hacen martes, jueves y s\u00e1bado y se entregan de 24 a 72 horas durante el d\u00eda de lunes a viernes de 8.30 a 6 pm y s\u00e1bados de 8.30 a 1 pm y son agrupados seg\u00fan el d\u00eda en que sean PRODUCTO TERMINADO\u207d\u00b9\u207e.<\/p>\n<p>Mas a detalle por distrito de los tiempos de entrega de Olva Courier aqu\u00ed.<\/p>\n<p>Costo Base S\/12 a m\u00e1s.<\/p>\n<p>El costo de recojo en agencia es el mismo que de envi\u00f3 a direcci\u00f3n.<\/p>\n<p>Para env\u00edos urgentes recomendamos recoger en agencia al ser m\u00e1s r\u00e1pido y seguro su entrega.<\/p>\n<p><b>4) Shalom \/ Marvisur \/ Raraz \/ Jatsa Cargo:<\/b> Opci\u00f3n disponible para los distritos m\u00e1s lejanos de Lima , otras provincias de lima y del Per\u00fa. Verificar cercan\u00eda de esas agencias antes de seleccionar esta opci\u00f3n. Solo recojo en agencias. Los env\u00edos se hacen martes, jueves y s\u00e1bado, para recoger de 1 a 5 d\u00edas dependiendo de la cercan\u00eda a Lima.<\/p>\n<p>Los costos var\u00edan seg\u00fan provincia desde 10 soles a m\u00e1s.<\/p>\n<p>*Puede haber demoras adicionales en fechas de alta demanda de env\u00edos (Navidad, d\u00eda de la madre, d\u00eda del maestro, fiestas patrias). De igual forma nosotros buscaremos las maneras de evitar cualquier tipo de retraso y ser\u00e1n notificados para evitar inconvenientes. Por favor realizar pedidos con anticipaci\u00f3n.<\/p>\n<p>*En caso de demoras no previstas comunicarse de inmediato, para estudiar el caso y dar soluci\u00f3n.<\/p>\n","protected":false},"excerpt":{"rendered":"<p>Hemos tratado de tener la cobertura m\u00e1s amplia posible en todo el Per\u00fa, pero aun as\u00ed hay zonas donde los env\u00edos no pueden llegar o lugares donde hay m\u00e1s de una forma de envi\u00f3 o entrega. A continuaci\u00f3n, explicaremos los costos, coberturas y formas de entrega, pero si tienes dudas puedes consultar directamente aqu\u00ed. Los [&hellip;]<\/p>\n","protected":false},"author":1,"featured_media":0,"parent":0,"menu_order":0,"comment_status":"closed","ping_status":"closed","template":"pages-template\/envios.php","meta":{"inline_featured_image":false,"footnotes":""},"class_list":["post-23","page","type-page","status-publish","hentry"],"acf":[],"yoast_head":"<!-- This site is optimized with the Yoast SEO plugin v21.5 - https:\/\/yoast.com\/wordpress\/plugins\/seo\/ -->\n<title>Env\u00edos - Feliz Impresion<\/title>\n<meta name=\"description\" content=\"Env\u00edos\" \/>\n<meta name=\"robots\" content=\"index, follow, max-snippet:-1, max-image-preview:large, max-video-preview:-1\" \/>\n<link rel=\"canonical\" href=\"https:\/\/linksiv.com\/revision\/felizimpresion\/servicio-de-envio\/\" \/>\n<meta property=\"og:locale\" content=\"es_ES\" \/>\n<meta property=\"og:type\" content=\"article\" \/>\n<meta property=\"og:title\" content=\"Env\u00edos - Feliz Impresion\" \/>\n<meta property=\"og:description\" content=\"Env\u00edos\" \/>\n<meta property=\"og:url\" content=\"https:\/\/linksiv.com\/revision\/felizimpresion\/servicio-de-envio\/\" \/>\n<meta property=\"og:site_name\" content=\"Feliz Impresion\" \/>\n<meta property=\"article:modified_time\" content=\"2023-11-28T15:44:43+00:00\" \/>\n<meta property=\"og:image\" content=\"http:\/\/localhost\/felizimpresion\/wp-content\/uploads\/2023\/07\/mapa_envios.jpg\" \/>\n<meta name=\"twitter:card\" content=\"summary_large_image\" \/>\n<meta name=\"twitter:label1\" content=\"Tiempo de lectura\" \/>\n\t<meta name=\"twitter:data1\" content=\"4 minutos\" \/>\n<script type=\"application\/ld+json\" class=\"yoast-schema-graph\">{\"@context\":\"https:\/\/schema.org\",\"@graph\":[{\"@type\":\"WebPage\",\"@id\":\"https:\/\/linksiv.com\/revision\/felizimpresion\/servicio-de-envio\/\",\"url\":\"https:\/\/linksiv.com\/revision\/felizimpresion\/servicio-de-envio\/\",\"name\":\"Env\u00edos - Feliz Impresion\",\"isPartOf\":{\"@id\":\"https:\/\/linksiv.com\/revision\/felizimpresion\/#website\"},\"datePublished\":\"2023-05-24T16:42:36+00:00\",\"dateModified\":\"2023-11-28T15:44:43+00:00\",\"description\":\"Env\u00edos\",\"breadcrumb\":{\"@id\":\"https:\/\/linksiv.com\/revision\/felizimpresion\/servicio-de-envio\/#breadcrumb\"},\"inLanguage\":\"es\",\"potentialAction\":[{\"@type\":\"ReadAction\",\"target\":[\"https:\/\/linksiv.com\/revision\/felizimpresion\/servicio-de-envio\/\"]}]},{\"@type\":\"BreadcrumbList\",\"@id\":\"https:\/\/linksiv.com\/revision\/felizimpresion\/servicio-de-envio\/#breadcrumb\",\"itemListElement\":[{\"@type\":\"ListItem\",\"position\":1,\"name\":\"Home\",\"item\":\"https:\/\/linksiv.com\/revision\/felizimpresion\/\"},{\"@type\":\"ListItem\",\"position\":2,\"name\":\"Env\u00edos\"}]},{\"@type\":\"WebSite\",\"@id\":\"https:\/\/linksiv.com\/revision\/felizimpresion\/#website\",\"url\":\"https:\/\/linksiv.com\/revision\/felizimpresion\/\",\"name\":\"Feliz Impresion\",\"description\":\"\",\"publisher\":{\"@id\":\"https:\/\/linksiv.com\/revision\/felizimpresion\/#organization\"},\"potentialAction\":[{\"@type\":\"SearchAction\",\"target\":{\"@type\":\"EntryPoint\",\"urlTemplate\":\"https:\/\/linksiv.com\/revision\/felizimpresion\/?s={search_term_string}\"},\"query-input\":\"required name=search_term_string\"}],\"inLanguage\":\"es\"},{\"@type\":\"Organization\",\"@id\":\"https:\/\/linksiv.com\/revision\/felizimpresion\/#organization\",\"name\":\"Feliz Impresion\",\"url\":\"https:\/\/linksiv.com\/revision\/felizimpresion\/\",\"logo\":{\"@type\":\"ImageObject\",\"inLanguage\":\"es\",\"@id\":\"https:\/\/linksiv.com\/revision\/felizimpresion\/#\/schema\/logo\/image\/\",\"url\":\"https:\/\/linksiv.com\/revision\/felizimpresion\/wp-content\/uploads\/2023\/08\/cropped-cropped-Favicon.png\",\"contentUrl\":\"https:\/\/linksiv.com\/revision\/felizimpresion\/wp-content\/uploads\/2023\/08\/cropped-cropped-Favicon.png\",\"width\":500,\"height\":500,\"caption\":\"Feliz Impresion\"},\"image\":{\"@id\":\"https:\/\/linksiv.com\/revision\/felizimpresion\/#\/schema\/logo\/image\/\"}}]}<\/script>\n<!-- \/ Yoast SEO plugin. -->","yoast_head_json":{"title":"Env\u00edos - Feliz Impresion","description":"Env\u00edos","robots":{"index":"index","follow":"follow","max-snippet":"max-snippet:-1","max-image-preview":"max-image-preview:large","max-video-preview":"max-video-preview:-1"},"canonical":"https:\/\/linksiv.com\/revision\/felizimpresion\/servicio-de-envio\/","og_locale":"es_ES","og_type":"article","og_title":"Env\u00edos - Feliz Impresion","og_description":"Env\u00edos","og_url":"https:\/\/linksiv.com\/revision\/felizimpresion\/servicio-de-envio\/","og_site_name":"Feliz Impresion","article_modified_time":"2023-11-28T15:44:43+00:00","og_image":[{"url":"http:\/\/localhost\/felizimpresion\/wp-content\/uploads\/2023\/07\/mapa_envios.jpg"}],"twitter_card":"summary_large_image","twitter_misc":{"Tiempo de lectura":"4 minutos"},"schema":{"@context":"https:\/\/schema.org","@graph":[{"@type":"WebPage","@id":"https:\/\/linksiv.com\/revision\/felizimpresion\/servicio-de-envio\/","url":"https:\/\/linksiv.com\/revision\/felizimpresion\/servicio-de-envio\/","name":"Env\u00edos - Feliz Impresion","isPartOf":{"@id":"https:\/\/linksiv.com\/revision\/felizimpresion\/#website"},"datePublished":"2023-05-24T16:42:36+00:00","dateModified":"2023-11-28T15:44:43+00:00","description":"Env\u00edos","breadcrumb":{"@id":"https:\/\/linksiv.com\/revision\/felizimpresion\/servicio-de-envio\/#breadcrumb"},"inLanguage":"es","potentialAction":[{"@type":"ReadAction","target":["https:\/\/linksiv.com\/revision\/felizimpresion\/servicio-de-envio\/"]}]},{"@type":"BreadcrumbList","@id":"https:\/\/linksiv.com\/revision\/felizimpresion\/servicio-de-envio\/#breadcrumb","itemListElement":[{"@type":"ListItem","position":1,"name":"Home","item":"https:\/\/linksiv.com\/revision\/felizimpresion\/"},{"@type":"ListItem","position":2,"name":"Env\u00edos"}]},{"@type":"WebSite","@id":"https:\/\/linksiv.com\/revision\/felizimpresion\/#website","url":"https:\/\/linksiv.com\/revision\/felizimpresion\/","name":"Feliz Impresion","description":"","publisher":{"@id":"https:\/\/linksiv.com\/revision\/felizimpresion\/#organization"},"potentialAction":[{"@type":"SearchAction","target":{"@type":"EntryPoint","urlTemplate":"https:\/\/linksiv.com\/revision\/felizimpresion\/?s={search_term_string}"},"query-input":"required name=search_term_string"}],"inLanguage":"es"},{"@type":"Organization","@id":"https:\/\/linksiv.com\/revision\/felizimpresion\/#organization","name":"Feliz Impresion","url":"https:\/\/linksiv.com\/revision\/felizimpresion\/","logo":{"@type":"ImageObject","inLanguage":"es","@id":"https:\/\/linksiv.com\/revision\/felizimpresion\/#\/schema\/logo\/image\/","url":"https:\/\/linksiv.com\/revision\/felizimpresion\/wp-content\/uploads\/2023\/08\/cropped-cropped-Favicon.png","contentUrl":"https:\/\/linksiv.com\/revision\/felizimpresion\/wp-content\/uploads\/2023\/08\/cropped-cropped-Favicon.png","width":500,"height":500,"caption":"Feliz Impresion"},"image":{"@id":"https:\/\/linksiv.com\/revision\/felizimpresion\/#\/schema\/logo\/image\/"}}]}},"_links":{"self":[{"href":"https:\/\/linksiv.com\/revision\/felizimpresion\/wp-json\/wp\/v2\/pages\/23","targetHints":{"allow":["GET"]}}],"collection":[{"href":"https:\/\/linksiv.com\/revision\/felizimpresion\/wp-json\/wp\/v2\/pages"}],"about":[{"href":"https:\/\/linksiv.com\/revision\/felizimpresion\/wp-json\/wp\/v2\/types\/page"}],"author":[{"embeddable":true,"href":"https:\/\/linksiv.com\/revision\/felizimpresion\/wp-json\/wp\/v2\/users\/1"}],"replies":[{"embeddable":true,"href":"https:\/\/linksiv.com\/revision\/felizimpresion\/wp-json\/wp\/v2\/comments?post=23"}],"version-history":[{"count":6,"href":"https:\/\/linksiv.com\/revision\/felizimpresion\/wp-json\/wp\/v2\/pages\/23\/revisions"}],"predecessor-version":[{"id":474,"href":"https:\/\/linksiv.com\/revision\/felizimpresion\/wp-json\/wp\/v2\/pages\/23\/revisions\/474"}],"wp:attachment":[{"href":"https:\/\/linksiv.com\/revision\/felizimpresion\/wp-json\/wp\/v2\/media?parent=23"}],"curies":[{"name":"wp","href":"https:\/\/api.w.org\/{rel}","templated":true}]}}